{"id":1477,"date":"2025-04-04T15:33:04","date_gmt":"2025-04-04T15:33:04","guid":{"rendered":"https:\/\/interdesign.ad-pulse.com\/?page_id=1477"},"modified":"2026-03-18T16:32:36","modified_gmt":"2026-03-18T16:32:36","slug":"as-nossas-lojas","status":"publish","type":"page","link":"https:\/\/interdesign.com.pt\/pt\/as-nossas-lojas\/","title":{"rendered":"As Nossas Lojas"},"content":{"rendered":"<div data-elementor-type=\"wp-page\" data-elementor-id=\"1477\" class=\"elementor elementor-1477\" data-elementor-post-type=\"page\">\n\t\t\t\t<div class=\"elementor-element elementor-element-a9f08b3 e-flex e-con-boxed e-con e-parent\" data-id=\"a9f08b3\" data-element_type=\"container\" data-e-type=\"container\">\n\t\t\t\t\t<div class=\"e-con-inner\">\n\t\t<div class=\"elementor-element elementor-element-e0b691d e-con-full e-flex e-con e-child\" data-id=\"e0b691d\" data-element_type=\"container\" data-e-type=\"container\">\n\t\t\t\t<div class=\"elementor-element elementor-element-1a349b4 elementor-widget elementor-widget-heading\" data-id=\"1a349b4\" data-element_type=\"widget\" data-e-type=\"widget\" data-widget_type=\"heading.default\">\n\t\t\t\t<div class=\"elementor-widget-container\">\n\t\t\t\t\t<h1 class=\"elementor-heading-title elementor-size-default\">As Nossas Lojas<\/h1>\t\t\t\t<\/div>\n\t\t\t\t<\/div>\n\t\t\t\t<div class=\"elementor-element elementor-element-6a1b2f2 elementor-widget elementor-widget-heading\" data-id=\"6a1b2f2\" data-element_type=\"widget\" data-e-type=\"widget\" data-widget_type=\"heading.default\">\n\t\t\t\t<div class=\"elementor-widget-container\">\n\t\t\t\t\t<h2 class=\"elementor-heading-title elementor-size-default\">F\u00e1brica de sonhos<\/h2>\t\t\t\t<\/div>\n\t\t\t\t<\/div>\n\t\t\t\t<div class=\"elementor-element elementor-element-65d0208 elementor-widget elementor-widget-heading\" data-id=\"65d0208\" data-element_type=\"widget\" data-e-type=\"widget\" data-widget_type=\"heading.default\">\n\t\t\t\t<div class=\"elementor-widget-container\">\n\t\t\t\t\t<p class=\"elementor-heading-title elementor-size-default\">Produ\u00e7\u00e3o pr\u00f3pria em Portugal, onde o design encontra a perfei\u00e7\u00e3o<\/p>\t\t\t\t<\/div>\n\t\t\t\t<\/div>\n\t\t\t\t<\/div>\n\t\t\t\t<div class=\"elementor-element elementor-element-c03a09b elementor-widget__width-initial elementor-widget-mobile__width-inherit elementor-widget elementor-widget-text-editor\" data-id=\"c03a09b\" data-element_type=\"widget\" data-e-type=\"widget\" data-widget_type=\"text-editor.default\">\n\t\t\t\t<div class=\"elementor-widget-container\">\n\t\t\t\t\t\t\t\t\t<p class=\"translation-block\">\u00c9 numa pequena vila do norte de Portugal que se encontra o cora\u00e7\u00e3o da Interdesign, <strong>a nossa f\u00e1brica<\/strong>, onde todos os dias transformamos ideias em mobili\u00e1rio de excel\u00eancia. Neste espa\u00e7o reservado, convivem a <strong>tradi\u00e7\u00e3o artesanal<\/strong> e a <strong>inova\u00e7\u00e3o tecnol\u00f3gica<\/strong>, lado a lado.<\/p><p class=\"translation-block\">Aqui, cada pe\u00e7a nasce com alma: unimos o cuidado do <strong><em>handmade<\/em><\/strong> \u00e0 precis\u00e3o da <strong>alta tecnologia<\/strong>, respeitando os mais elevados padr\u00f5es de qualidade.<\/p>\t\t\t\t\t\t\t\t<\/div>\n\t\t\t\t<\/div>\n\t\t\t\t\t<\/div>\n\t\t\t\t<\/div>\n\t\t<div class=\"elementor-element elementor-element-4b9751f e-grid e-con-full e-con e-child\" data-id=\"4b9751f\" data-element_type=\"container\" data-e-type=\"container\">\n\t\t\t\t<div class=\"elementor-element elementor-element-e477699 elementor-position-top elementor-widget elementor-widget-image-box\" data-id=\"e477699\" data-element_type=\"widget\" data-e-type=\"widget\" data-settings=\"{&quot;_animation&quot;:&quot;none&quot;,&quot;_animation_mobile&quot;:&quot;fadeIn&quot;,&quot;_animation_delay&quot;:400}\" data-widget_type=\"image-box.default\">\n\t\t\t\t<div class=\"elementor-widget-container\">\n\t\t\t\t\t<div class=\"elementor-image-box-wrapper\"><figure class=\"elementor-image-box-img\"><a href=\"https:\/\/interdesign.com.pt\/pt\/lojas\/porto\/\" tabindex=\"-1\"><img fetchpriority=\"high\" decoding=\"async\" width=\"1080\" height=\"1347\" src=\"https:\/\/interdesign.com.pt\/wp-content\/uploads\/2026\/02\/Porto-Aliados.jpg\" class=\"attachment-full size-full wp-image-75378 wvs-archive-product-image\" alt=\"\" srcset=\"https:\/\/interdesign.com.pt\/wp-content\/uploads\/2026\/02\/Porto-Aliados.jpg 1080w, https:\/\/interdesign.com.pt\/wp-content\/uploads\/2026\/02\/Porto-Aliados-241x300.jpg 241w, https:\/\/interdesign.com.pt\/wp-content\/uploads\/2026\/02\/Porto-Aliados-821x1024.jpg 821w, https:\/\/interdesign.com.pt\/wp-content\/uploads\/2026\/02\/Porto-Aliados-768x958.jpg 768w, https:\/\/interdesign.com.pt\/wp-content\/uploads\/2026\/02\/Porto-Aliados-10x12.jpg 10w, https:\/\/interdesign.com.pt\/wp-content\/uploads\/2026\/02\/Porto-Aliados-300x374.jpg 300w, https:\/\/interdesign.com.pt\/wp-content\/uploads\/2026\/02\/Porto-Aliados-1000x1247.jpg 1000w\" sizes=\"(max-width: 1080px) 100vw, 1080px\" \/><\/a><\/figure><div class=\"elementor-image-box-content\"><h3 class=\"elementor-image-box-title\"><a href=\"https:\/\/interdesign.com.pt\/pt\/lojas\/porto\/\">Porto | aliados<\/a><\/h3><\/div><\/div>\t\t\t\t<\/div>\n\t\t\t\t<\/div>\n\t\t\t\t<div class=\"elementor-element elementor-element-cd9178c elementor-position-top elementor-widget elementor-widget-image-box\" data-id=\"cd9178c\" data-element_type=\"widget\" data-e-type=\"widget\" data-settings=\"{&quot;_animation&quot;:&quot;none&quot;,&quot;_animation_mobile&quot;:&quot;fadeIn&quot;,&quot;_animation_delay&quot;:400}\" data-widget_type=\"image-box.default\">\n\t\t\t\t<div class=\"elementor-widget-container\">\n\t\t\t\t\t<div class=\"elementor-image-box-wrapper\"><figure class=\"elementor-image-box-img\"><a href=\"https:\/\/interdesign.com.pt\/pt\/lojas\/vila-nova-de-gaia\/\" tabindex=\"-1\"><img decoding=\"async\" width=\"1080\" height=\"1347\" src=\"https:\/\/interdesign.com.pt\/wp-content\/uploads\/2026\/02\/Vila-Nova-de-Gaia.jpg\" class=\"attachment-full size-full wp-image-75379 wvs-archive-product-image\" alt=\"\" srcset=\"https:\/\/interdesign.com.pt\/wp-content\/uploads\/2026\/02\/Vila-Nova-de-Gaia.jpg 1080w, https:\/\/interdesign.com.pt\/wp-content\/uploads\/2026\/02\/Vila-Nova-de-Gaia-241x300.jpg 241w, https:\/\/interdesign.com.pt\/wp-content\/uploads\/2026\/02\/Vila-Nova-de-Gaia-821x1024.jpg 821w, https:\/\/interdesign.com.pt\/wp-content\/uploads\/2026\/02\/Vila-Nova-de-Gaia-768x958.jpg 768w, https:\/\/interdesign.com.pt\/wp-content\/uploads\/2026\/02\/Vila-Nova-de-Gaia-10x12.jpg 10w, https:\/\/interdesign.com.pt\/wp-content\/uploads\/2026\/02\/Vila-Nova-de-Gaia-300x374.jpg 300w, https:\/\/interdesign.com.pt\/wp-content\/uploads\/2026\/02\/Vila-Nova-de-Gaia-1000x1247.jpg 1000w\" sizes=\"(max-width: 1080px) 100vw, 1080px\" \/><\/a><\/figure><div class=\"elementor-image-box-content\"><h3 class=\"elementor-image-box-title\"><a href=\"https:\/\/interdesign.com.pt\/pt\/lojas\/vila-nova-de-gaia\/\">Vila Nova de Gaia<\/a><\/h3><\/div><\/div>\t\t\t\t<\/div>\n\t\t\t\t<\/div>\n\t\t\t\t<div class=\"elementor-element elementor-element-455d98d elementor-position-top elementor-widget elementor-widget-image-box\" data-id=\"455d98d\" data-element_type=\"widget\" data-e-type=\"widget\" data-settings=\"{&quot;_animation&quot;:&quot;none&quot;,&quot;_animation_mobile&quot;:&quot;fadeIn&quot;,&quot;_animation_delay&quot;:400}\" data-widget_type=\"image-box.default\">\n\t\t\t\t<div class=\"elementor-widget-container\">\n\t\t\t\t\t<div class=\"elementor-image-box-wrapper\"><figure class=\"elementor-image-box-img\"><a href=\"https:\/\/interdesign.com.pt\/pt\/lojas\/viseu\/\" tabindex=\"-1\"><img decoding=\"async\" width=\"1920\" height=\"1280\" src=\"https:\/\/interdesign.com.pt\/wp-content\/uploads\/2025\/07\/VISEU.jpg\" class=\"attachment-full size-full wp-image-7216 wvs-archive-product-image\" alt=\"As nossas lojas | Viseu com fotografia de arquitetura Ivo Tavares Studio\" srcset=\"https:\/\/interdesign.com.pt\/wp-content\/uploads\/2025\/07\/VISEU.jpg 1920w, https:\/\/interdesign.com.pt\/wp-content\/uploads\/2025\/07\/VISEU-300x200.jpg 300w, https:\/\/interdesign.com.pt\/wp-content\/uploads\/2025\/07\/VISEU-1000x667.jpg 1000w, https:\/\/interdesign.com.pt\/wp-content\/uploads\/2025\/07\/VISEU-1024x683.jpg 1024w, https:\/\/interdesign.com.pt\/wp-content\/uploads\/2025\/07\/VISEU-768x512.jpg 768w, https:\/\/interdesign.com.pt\/wp-content\/uploads\/2025\/07\/VISEU-1536x1024.jpg 1536w, https:\/\/interdesign.com.pt\/wp-content\/uploads\/2025\/07\/VISEU-18x12.jpg 18w\" sizes=\"(max-width: 1920px) 100vw, 1920px\" \/><\/a><\/figure><div class=\"elementor-image-box-content\"><h3 class=\"elementor-image-box-title\"><a href=\"https:\/\/interdesign.com.pt\/pt\/lojas\/viseu\/\">Viseu<\/a><\/h3><\/div><\/div>\t\t\t\t<\/div>\n\t\t\t\t<\/div>\n\t\t\t\t<div class=\"elementor-element elementor-element-743207f elementor-position-top elementor-widget elementor-widget-image-box\" data-id=\"743207f\" data-element_type=\"widget\" data-e-type=\"widget\" data-settings=\"{&quot;_animation&quot;:&quot;none&quot;,&quot;_animation_mobile&quot;:&quot;fadeIn&quot;,&quot;_animation_delay&quot;:400}\" data-widget_type=\"image-box.default\">\n\t\t\t\t<div class=\"elementor-widget-container\">\n\t\t\t\t\t<div class=\"elementor-image-box-wrapper\"><figure class=\"elementor-image-box-img\"><a href=\"https:\/\/interdesign.com.pt\/pt\/lojas\/lisboa\/\" tabindex=\"-1\"><img loading=\"lazy\" decoding=\"async\" width=\"1080\" height=\"1347\" src=\"https:\/\/interdesign.com.pt\/wp-content\/uploads\/2026\/02\/Lisbon.jpg\" class=\"attachment-full size-full wp-image-75377 wvs-archive-product-image\" alt=\"\" srcset=\"https:\/\/interdesign.com.pt\/wp-content\/uploads\/2026\/02\/Lisbon.jpg 1080w, https:\/\/interdesign.com.pt\/wp-content\/uploads\/2026\/02\/Lisbon-241x300.jpg 241w, https:\/\/interdesign.com.pt\/wp-content\/uploads\/2026\/02\/Lisbon-821x1024.jpg 821w, https:\/\/interdesign.com.pt\/wp-content\/uploads\/2026\/02\/Lisbon-768x958.jpg 768w, https:\/\/interdesign.com.pt\/wp-content\/uploads\/2026\/02\/Lisbon-10x12.jpg 10w, https:\/\/interdesign.com.pt\/wp-content\/uploads\/2026\/02\/Lisbon-300x374.jpg 300w, https:\/\/interdesign.com.pt\/wp-content\/uploads\/2026\/02\/Lisbon-1000x1247.jpg 1000w\" sizes=\"(max-width: 1080px) 100vw, 1080px\" \/><\/a><\/figure><div class=\"elementor-image-box-content\"><h3 class=\"elementor-image-box-title\"><a href=\"https:\/\/interdesign.com.pt\/pt\/lojas\/lisboa\/\">Lisboa<\/a><\/h3><\/div><\/div>\t\t\t\t<\/div>\n\t\t\t\t<\/div>\n\t\t\t\t<div class=\"elementor-element elementor-element-abce1b3 elementor-position-top elementor-widget elementor-widget-image-box\" data-id=\"abce1b3\" data-element_type=\"widget\" data-e-type=\"widget\" data-settings=\"{&quot;_animation&quot;:&quot;none&quot;,&quot;_animation_mobile&quot;:&quot;fadeIn&quot;,&quot;_animation_delay&quot;:400}\" data-widget_type=\"image-box.default\">\n\t\t\t\t<div class=\"elementor-widget-container\">\n\t\t\t\t\t<div class=\"elementor-image-box-wrapper\"><figure class=\"elementor-image-box-img\"><a href=\"https:\/\/interdesign.com.pt\/pt\/lojas\/lisboa-expo\/\" tabindex=\"-1\"><img loading=\"lazy\" decoding=\"async\" width=\"1920\" height=\"1672\" src=\"https:\/\/interdesign.com.pt\/wp-content\/uploads\/2025\/07\/EXPO.jpg\" class=\"attachment-full size-full wp-image-7185 wvs-archive-product-image\" alt=\"As nossas Lojas | Lisboa EXPO\" srcset=\"https:\/\/interdesign.com.pt\/wp-content\/uploads\/2025\/07\/EXPO.jpg 1920w, https:\/\/interdesign.com.pt\/wp-content\/uploads\/2025\/07\/EXPO-300x261.jpg 300w, https:\/\/interdesign.com.pt\/wp-content\/uploads\/2025\/07\/EXPO-1000x871.jpg 1000w, https:\/\/interdesign.com.pt\/wp-content\/uploads\/2025\/07\/EXPO-1024x892.jpg 1024w, https:\/\/interdesign.com.pt\/wp-content\/uploads\/2025\/07\/EXPO-768x669.jpg 768w, https:\/\/interdesign.com.pt\/wp-content\/uploads\/2025\/07\/EXPO-1536x1338.jpg 1536w, https:\/\/interdesign.com.pt\/wp-content\/uploads\/2025\/07\/EXPO-14x12.jpg 14w\" sizes=\"(max-width: 1920px) 100vw, 1920px\" \/><\/a><\/figure><div class=\"elementor-image-box-content\"><h3 class=\"elementor-image-box-title\"><a href=\"https:\/\/interdesign.com.pt\/pt\/lojas\/lisboa-expo\/\">Lisboa | Expo<\/a><\/h3><\/div><\/div>\t\t\t\t<\/div>\n\t\t\t\t<\/div>\n\t\t\t\t<div class=\"elementor-element elementor-element-7829494 elementor-position-top elementor-widget elementor-widget-image-box\" data-id=\"7829494\" data-element_type=\"widget\" data-e-type=\"widget\" data-settings=\"{&quot;_animation&quot;:&quot;none&quot;,&quot;_animation_mobile&quot;:&quot;fadeIn&quot;,&quot;_animation_delay&quot;:400}\" data-widget_type=\"image-box.default\">\n\t\t\t\t<div class=\"elementor-widget-container\">\n\t\t\t\t\t<div class=\"elementor-image-box-wrapper\"><figure class=\"elementor-image-box-img\"><a href=\"https:\/\/interdesign.com.pt\/pt\/lojas\/vilamoura\/\" tabindex=\"-1\"><img loading=\"lazy\" decoding=\"async\" width=\"2048\" height=\"1366\" src=\"https:\/\/interdesign.com.pt\/wp-content\/uploads\/2025\/07\/VILAMOURA-1.jpg\" class=\"attachment-full size-full wp-image-7477 wvs-archive-product-image\" alt=\"As nossas lojas | Vilamoura\" srcset=\"https:\/\/interdesign.com.pt\/wp-content\/uploads\/2025\/07\/VILAMOURA-1.jpg 2048w, https:\/\/interdesign.com.pt\/wp-content\/uploads\/2025\/07\/VILAMOURA-1-300x200.jpg 300w, https:\/\/interdesign.com.pt\/wp-content\/uploads\/2025\/07\/VILAMOURA-1-1000x667.jpg 1000w, https:\/\/interdesign.com.pt\/wp-content\/uploads\/2025\/07\/VILAMOURA-1-1024x683.jpg 1024w, https:\/\/interdesign.com.pt\/wp-content\/uploads\/2025\/07\/VILAMOURA-1-768x512.jpg 768w, https:\/\/interdesign.com.pt\/wp-content\/uploads\/2025\/07\/VILAMOURA-1-1536x1025.jpg 1536w, https:\/\/interdesign.com.pt\/wp-content\/uploads\/2025\/07\/VILAMOURA-1-18x12.jpg 18w\" sizes=\"(max-width: 2048px) 100vw, 2048px\" \/><\/a><\/figure><div class=\"elementor-image-box-content\"><h3 class=\"elementor-image-box-title\"><a href=\"https:\/\/interdesign.com.pt\/pt\/lojas\/vilamoura\/\">Vilamoura<\/a><\/h3><\/div><\/div>\t\t\t\t<\/div>\n\t\t\t\t<\/div>\n\t\t\t\t<\/div>\n\t\t<div class=\"elementor-element elementor-element-72adf9c e-flex e-con-boxed e-con e-parent\" data-id=\"72adf9c\" data-element_type=\"container\" data-e-type=\"container\">\n\t\t\t\t\t<div class=\"e-con-inner\">\n\t\t\t\t<div class=\"elementor-element elementor-element-936eec3 elementor-widget__width-initial elementor-widget-mobile__width-inherit elementor-widget elementor-widget-text-editor\" data-id=\"936eec3\" data-element_type=\"widget\" data-e-type=\"widget\" data-widget_type=\"text-editor.default\">\n\t\t\t\t<div class=\"elementor-widget-container\">\n\t\t\t\t\t\t\t\t\t<p class=\"translation-block\">Fazemos <strong>mobili\u00e1rio por medida<\/strong>, com a mesma dedica\u00e7\u00e3o seja para uma pe\u00e7a \u00fanica ou para grandes produ\u00e7\u00f5es.<\/p><p class=\"translation-block\">Tudo acontece internamente, da <strong>marcenaria \u00e0 serralharia<\/strong>, dos <strong>estofos aos acabamentos<\/strong>, passando pela <strong>vidraria e montagem final<\/strong>. Da ideia \u00e0 concretiza\u00e7\u00e3o, cada projeto \u00e9 acompanhado de perto por profissionais experientes que partilham um objetivo comum: <strong>criar pe\u00e7as \u00fanicas para casas com identidade<\/strong>.<\/p><p><strong>Interdesign. Produ\u00e7\u00e3o pr\u00f3pria. Design portugu\u00eas com assinatura.<\/strong><\/p>\t\t\t\t\t\t\t\t<\/div>\n\t\t\t\t<\/div>\n\t\t\t\t<div class=\"elementor-element elementor-element-9d23f15 elementor-widget elementor-widget-heading\" data-id=\"9d23f15\" data-element_type=\"widget\" data-e-type=\"widget\" data-widget_type=\"heading.default\">\n\t\t\t\t<div class=\"elementor-widget-container\">\n\t\t\t\t\t<p class=\"elementor-heading-title elementor-size-default\">Ame a sua casa<\/p>\t\t\t\t<\/div>\n\t\t\t\t<\/div>\n\t\t\t\t\t<\/div>\n\t\t\t\t<\/div>\n\t\t\t\t<\/div>","protected":false},"excerpt":{"rendered":"<p>Our Stores Factory of dreams In-house production in Portugal, where design meets perfection In a small village in the north of Portugal lies the heart of Interdesign \u2014 our factory \u2014 where every day we turn ideas into exceptional furniture.\u00a0In this dedicated space, craftsmanship and technological innovation live side by side. Here, every piece is [&hellip;]<\/p>","protected":false},"author":1,"featured_media":7185,"parent":0,"menu_order":0,"comment_status":"closed","ping_status":"closed","template":"","meta":{"_acf_changed":false,"footnotes":""},"class_list":["post-1477","page","type-page","status-publish","has-post-thumbnail","hentry"],"acf":[],"yoast_head":"<!-- This site is optimized with the Yoast SEO plugin v27.3 - https:\/\/yoast.com\/product\/yoast-seo-wordpress\/ -->\n<title>Our Stores - Interdesign<\/title>\n<meta name=\"description\" content=\"We create custom-made furniture with the same dedication, whether it\u2019s for a single piece or large-scale productions.\" \/>\n<meta name=\"robots\" content=\"index, follow, max-snippet:-1, max-image-preview:large, max-video-preview:-1\" \/>\n<link rel=\"canonical\" href=\"https:\/\/interdesign.com.pt\/pt\/as-nossas-lojas\/\" \/>\n<meta property=\"og:locale\" content=\"pt_PT\" \/>\n<meta property=\"og:type\" content=\"article\" \/>\n<meta property=\"og:title\" content=\"Our Stores - Interdesign\" \/>\n<meta property=\"og:description\" content=\"We create custom-made furniture with the same dedication, whether it\u2019s for a single piece or large-scale productions.\" \/>\n<meta property=\"og:url\" content=\"https:\/\/interdesign.com.pt\/pt\/as-nossas-lojas\/\" \/>\n<meta property=\"og:site_name\" content=\"Interdesign\" \/>\n<meta property=\"article:modified_time\" content=\"2026-03-18T16:32:36+00:00\" \/>\n<meta property=\"og:image\" content=\"https:\/\/interdesign.com.pt\/wp-content\/uploads\/2025\/07\/EXPO.jpg\" \/>\n\t<meta property=\"og:image:width\" content=\"1920\" \/>\n\t<meta property=\"og:image:height\" content=\"1672\" \/>\n\t<meta property=\"og:image:type\" content=\"image\/jpeg\" \/>\n<meta name=\"twitter:card\" content=\"summary_large_image\" \/>\n<meta name=\"twitter:title\" content=\"Our Stores - Interdesign\" \/>\n<meta name=\"twitter:description\" content=\"We create custom-made furniture with the same dedication, whether it\u2019s for a single piece or large-scale productions.\" \/>\n<meta name=\"twitter:image\" content=\"https:\/\/interdesign.com.pt\/wp-content\/uploads\/2025\/07\/EXPO.jpg\" \/>\n<meta name=\"twitter:label1\" content=\"Tempo estimado de leitura\" \/>\n\t<meta name=\"twitter:data1\" content=\"2 minutos\" \/>\n<script type=\"application\/ld+json\" class=\"yoast-schema-graph\">{\"@context\":\"https:\\\/\\\/schema.org\",\"@graph\":[{\"@type\":\"WebPage\",\"@id\":\"https:\\\/\\\/interdesign.com.pt\\\/pt\\\/as-nossas-lojas\\\/\",\"url\":\"https:\\\/\\\/interdesign.com.pt\\\/pt\\\/as-nossas-lojas\\\/\",\"name\":\"Our Stores - Interdesign\",\"isPartOf\":{\"@id\":\"https:\\\/\\\/interdesign.com.pt\\\/pt\\\/#website\"},\"primaryImageOfPage\":{\"@id\":\"https:\\\/\\\/interdesign.com.pt\\\/pt\\\/as-nossas-lojas\\\/#primaryimage\"},\"image\":{\"@id\":\"https:\\\/\\\/interdesign.com.pt\\\/pt\\\/as-nossas-lojas\\\/#primaryimage\"},\"thumbnailUrl\":\"https:\\\/\\\/interdesign.com.pt\\\/wp-content\\\/uploads\\\/2025\\\/07\\\/EXPO.jpg\",\"datePublished\":\"2025-04-04T15:33:04+00:00\",\"dateModified\":\"2026-03-18T16:32:36+00:00\",\"description\":\"We create custom-made furniture with the same dedication, whether it\u2019s for a single piece or large-scale productions.\",\"breadcrumb\":{\"@id\":\"https:\\\/\\\/interdesign.com.pt\\\/pt\\\/as-nossas-lojas\\\/#breadcrumb\"},\"inLanguage\":\"pt-PT\",\"potentialAction\":[{\"@type\":\"ReadAction\",\"target\":[\"https:\\\/\\\/interdesign.com.pt\\\/pt\\\/as-nossas-lojas\\\/\"]}]},{\"@type\":\"ImageObject\",\"inLanguage\":\"pt-PT\",\"@id\":\"https:\\\/\\\/interdesign.com.pt\\\/pt\\\/as-nossas-lojas\\\/#primaryimage\",\"url\":\"https:\\\/\\\/interdesign.com.pt\\\/wp-content\\\/uploads\\\/2025\\\/07\\\/EXPO.jpg\",\"contentUrl\":\"https:\\\/\\\/interdesign.com.pt\\\/wp-content\\\/uploads\\\/2025\\\/07\\\/EXPO.jpg\",\"width\":1920,\"height\":1672,\"caption\":\"As nossas Lojas | Lisboa EXPO\"},{\"@type\":\"BreadcrumbList\",\"@id\":\"https:\\\/\\\/interdesign.com.pt\\\/pt\\\/as-nossas-lojas\\\/#breadcrumb\",\"itemListElement\":[{\"@type\":\"ListItem\",\"position\":1,\"name\":\"Home\",\"item\":\"https:\\\/\\\/interdesign.com.pt\\\/\"},{\"@type\":\"ListItem\",\"position\":2,\"name\":\"Our Stores\"}]},{\"@type\":\"WebSite\",\"@id\":\"https:\\\/\\\/interdesign.com.pt\\\/pt\\\/#website\",\"url\":\"https:\\\/\\\/interdesign.com.pt\\\/pt\\\/\",\"name\":\"Interdesign\",\"description\":\"Mobili\u00e1rio, Interiores &amp; Decora\u00e7\u00e3o\",\"publisher\":{\"@id\":\"https:\\\/\\\/interdesign.com.pt\\\/pt\\\/#organization\"},\"potentialAction\":[{\"@type\":\"SearchAction\",\"target\":{\"@type\":\"EntryPoint\",\"urlTemplate\":\"https:\\\/\\\/interdesign.com.pt\\\/pt\\\/?s={search_term_string}\"},\"query-input\":{\"@type\":\"PropertyValueSpecification\",\"valueRequired\":true,\"valueName\":\"search_term_string\"}}],\"inLanguage\":\"pt-PT\"},{\"@type\":\"Organization\",\"@id\":\"https:\\\/\\\/interdesign.com.pt\\\/pt\\\/#organization\",\"name\":\"Interdesign\",\"url\":\"https:\\\/\\\/interdesign.com.pt\\\/pt\\\/\",\"logo\":{\"@type\":\"ImageObject\",\"inLanguage\":\"pt-PT\",\"@id\":\"https:\\\/\\\/interdesign.com.pt\\\/pt\\\/#\\\/schema\\\/logo\\\/image\\\/\",\"url\":\"https:\\\/\\\/interdesign.com.pt\\\/wp-content\\\/uploads\\\/2025\\\/03\\\/interdesign-logo.svg\",\"contentUrl\":\"https:\\\/\\\/interdesign.com.pt\\\/wp-content\\\/uploads\\\/2025\\\/03\\\/interdesign-logo.svg\",\"caption\":\"Interdesign\"},\"image\":{\"@id\":\"https:\\\/\\\/interdesign.com.pt\\\/pt\\\/#\\\/schema\\\/logo\\\/image\\\/\"}}]}<\/script>\n<!-- \/ Yoast SEO plugin. -->","yoast_head_json":{"title":"As Nossas Lojas - Interdesign","description":"Criamos m\u00f3veis por medida com a mesma dedica\u00e7\u00e3o, quer se trate de uma \u00fanica pe\u00e7a ou de produ\u00e7\u00f5es em grande escala.","robots":{"index":"index","follow":"follow","max-snippet":"max-snippet:-1","max-image-preview":"max-image-preview:large","max-video-preview":"max-video-preview:-1"},"canonical":"https:\/\/interdesign.com.pt\/pt\/as-nossas-lojas\/","og_locale":"pt_PT","og_type":"article","og_title":"Our Stores - Interdesign","og_description":"We create custom-made furniture with the same dedication, whether it\u2019s for a single piece or large-scale productions.","og_url":"https:\/\/interdesign.com.pt\/pt\/as-nossas-lojas\/","og_site_name":"Interdesign","article_modified_time":"2026-03-18T16:32:36+00:00","og_image":[{"width":1920,"height":1672,"url":"https:\/\/interdesign.com.pt\/wp-content\/uploads\/2025\/07\/EXPO.jpg","type":"image\/jpeg"}],"twitter_card":"summary_large_image","twitter_title":"Our Stores - Interdesign","twitter_description":"We create custom-made furniture with the same dedication, whether it\u2019s for a single piece or large-scale productions.","twitter_image":"https:\/\/interdesign.com.pt\/wp-content\/uploads\/2025\/07\/EXPO.jpg","twitter_misc":{"Tempo estimado de leitura":"2 minutos"},"schema":{"@context":"https:\/\/schema.org","@graph":[{"@type":"WebPage","@id":"https:\/\/interdesign.com.pt\/pt\/as-nossas-lojas\/","url":"https:\/\/interdesign.com.pt\/pt\/as-nossas-lojas\/","name":"As Nossas Lojas - Interdesign","isPartOf":{"@id":"https:\/\/interdesign.com.pt\/pt\/#website"},"primaryImageOfPage":{"@id":"https:\/\/interdesign.com.pt\/pt\/as-nossas-lojas\/#primaryimage"},"image":{"@id":"https:\/\/interdesign.com.pt\/pt\/as-nossas-lojas\/#primaryimage"},"thumbnailUrl":"https:\/\/interdesign.com.pt\/wp-content\/uploads\/2025\/07\/EXPO.jpg","datePublished":"2025-04-04T15:33:04+00:00","dateModified":"2026-03-18T16:32:36+00:00","description":"Criamos m\u00f3veis por medida com a mesma dedica\u00e7\u00e3o, quer se trate de uma \u00fanica pe\u00e7a ou de produ\u00e7\u00f5es em grande escala.","breadcrumb":{"@id":"https:\/\/interdesign.com.pt\/pt\/as-nossas-lojas\/#breadcrumb"},"inLanguage":"pt-PT","potentialAction":[{"@type":"ReadAction","target":["https:\/\/interdesign.com.pt\/pt\/as-nossas-lojas\/"]}]},{"@type":"ImageObject","inLanguage":"pt-PT","@id":"https:\/\/interdesign.com.pt\/pt\/as-nossas-lojas\/#primaryimage","url":"https:\/\/interdesign.com.pt\/wp-content\/uploads\/2025\/07\/EXPO.jpg","contentUrl":"https:\/\/interdesign.com.pt\/wp-content\/uploads\/2025\/07\/EXPO.jpg","width":1920,"height":1672,"caption":"As nossas Lojas | Lisboa EXPO"},{"@type":"BreadcrumbList","@id":"https:\/\/interdesign.com.pt\/pt\/as-nossas-lojas\/#breadcrumb","itemListElement":[{"@type":"ListItem","position":1,"name":"Home","item":"https:\/\/interdesign.com.pt\/"},{"@type":"ListItem","position":2,"name":"Our Stores"}]},{"@type":"WebSite","@id":"https:\/\/interdesign.com.pt\/pt\/#website","url":"https:\/\/interdesign.com.pt\/pt\/","name":"Interdesign","description":"Mobili\u00e1rio, Interiores &amp; Decora\u00e7\u00e3o","publisher":{"@id":"https:\/\/interdesign.com.pt\/pt\/#organization"},"potentialAction":[{"@type":"SearchAction","target":{"@type":"EntryPoint","urlTemplate":"https:\/\/interdesign.com.pt\/pt\/?s={search_term_string}"},"query-input":{"@type":"PropertyValueSpecification","valueRequired":true,"valueName":"search_term_string"}}],"inLanguage":"pt-PT"},{"@type":"Organization","@id":"https:\/\/interdesign.com.pt\/pt\/#organization","name":"Interdesign","url":"https:\/\/interdesign.com.pt\/pt\/","logo":{"@type":"ImageObject","inLanguage":"pt-PT","@id":"https:\/\/interdesign.com.pt\/pt\/#\/schema\/logo\/image\/","url":"https:\/\/interdesign.com.pt\/wp-content\/uploads\/2025\/03\/interdesign-logo.svg","contentUrl":"https:\/\/interdesign.com.pt\/wp-content\/uploads\/2025\/03\/interdesign-logo.svg","caption":"Interdesign"},"image":{"@id":"https:\/\/interdesign.com.pt\/pt\/#\/schema\/logo\/image\/"}}]}},"_links":{"self":[{"href":"https:\/\/interdesign.com.pt\/pt\/wp-json\/wp\/v2\/pages\/1477","targetHints":{"allow":["GET"]}}],"collection":[{"href":"https:\/\/interdesign.com.pt\/pt\/wp-json\/wp\/v2\/pages"}],"about":[{"href":"https:\/\/interdesign.com.pt\/pt\/wp-json\/wp\/v2\/types\/page"}],"author":[{"embeddable":true,"href":"https:\/\/interdesign.com.pt\/pt\/wp-json\/wp\/v2\/users\/1"}],"replies":[{"embeddable":true,"href":"https:\/\/interdesign.com.pt\/pt\/wp-json\/wp\/v2\/comments?post=1477"}],"version-history":[{"count":151,"href":"https:\/\/interdesign.com.pt\/pt\/wp-json\/wp\/v2\/pages\/1477\/revisions"}],"predecessor-version":[{"id":75924,"href":"https:\/\/interdesign.com.pt\/pt\/wp-json\/wp\/v2\/pages\/1477\/revisions\/75924"}],"wp:featuredmedia":[{"embeddable":true,"href":"https:\/\/interdesign.com.pt\/pt\/wp-json\/wp\/v2\/media\/7185"}],"wp:attachment":[{"href":"https:\/\/interdesign.com.pt\/pt\/wp-json\/wp\/v2\/media?parent=1477"}],"curies":[{"name":"wp","href":"https:\/\/api.w.org\/{rel}","templated":true}]}}