{"id":1700,"date":"2025-04-07T11:03:18","date_gmt":"2025-04-07T11:03:18","guid":{"rendered":"https:\/\/interdesign.ad-pulse.com\/?page_id=1700"},"modified":"2026-04-23T08:08:19","modified_gmt":"2026-04-23T08:08:19","slug":"condicoes-de-garantia","status":"publish","type":"page","link":"https:\/\/interdesign.com.pt\/pt\/condicoes-de-garantia\/","title":{"rendered":"Condi\u00e7\u00f5es de Garantia"},"content":{"rendered":"<div data-elementor-type=\"wp-page\" data-elementor-id=\"1700\" class=\"elementor elementor-1700\" data-elementor-post-type=\"page\">\n\t\t\t\t<div class=\"elementor-element elementor-element-3052be1 e-con-full e-flex e-con e-parent\" data-id=\"3052be1\" data-element_type=\"container\" data-e-type=\"container\">\n\t\t\t\t<div class=\"elementor-element elementor-element-7cafc93 elementor-widget elementor-widget-heading\" data-id=\"7cafc93\" data-element_type=\"widget\" data-e-type=\"widget\" data-widget_type=\"heading.default\">\n\t\t\t\t<div class=\"elementor-widget-container\">\n\t\t\t\t\t<h1 class=\"elementor-heading-title elementor-size-default\">Condi\u00e7\u00f5es de Garantia<\/h1>\t\t\t\t<\/div>\n\t\t\t\t<\/div>\n\t\t\t\t<div class=\"elementor-element elementor-element-5650d23 elementor-widget elementor-widget-n-accordion\" data-id=\"5650d23\" data-element_type=\"widget\" data-e-type=\"widget\" data-settings=\"{&quot;default_state&quot;:&quot;all_collapsed&quot;,&quot;max_items_expended&quot;:&quot;one&quot;,&quot;n_accordion_animation_duration&quot;:{&quot;unit&quot;:&quot;ms&quot;,&quot;size&quot;:400,&quot;sizes&quot;:[]}}\" data-widget_type=\"nested-accordion.default\">\n\t\t\t\t<div class=\"elementor-widget-container\">\n\t\t\t\t\t\t\t<div class=\"e-n-accordion\" aria-label=\"Acorde\u00e3o. Abrir liga\u00e7\u00f5es com Enter ou Espa\u00e7o, fechar com Escape e navegar com Setas\">\n\t\t\t\t\t\t<details id=\"e-n-accordion-item-9050\" class=\"e-n-accordion-item\" >\n\t\t\t\t<summary class=\"e-n-accordion-item-title\" data-accordion-index=\"1\" tabindex=\"0\" aria-expanded=\"false\" aria-controls=\"e-n-accordion-item-9050\" >\n\t\t\t\t\t<span class='e-n-accordion-item-title-header'><div class=\"e-n-accordion-item-title-text\"> Identifica\u00e7\u00e3o do Respons\u00e1vel pelo Tratamento  <\/div><\/span>\n\t\t\t\t\t\t\t<span class='e-n-accordion-item-title-icon'>\n\t\t\t<span class='e-opened' ><svg xmlns=\"http:\/\/www.w3.org\/2000\/svg\" width=\"15.97\" height=\"8.926\" viewbox=\"0 0 15.97 8.926\"><path id=\"Caminho_77\" data-name=\"Caminho 77\" d=\"M3749.705,2581.17l6.74-7.056-7.115-6.793\" transform=\"translate(-2566.26 3757.195) rotate(-90)\" fill=\"none\" stroke=\"#8b8989\" stroke-linecap=\"round\" stroke-linejoin=\"round\" stroke-width=\"1.5\"><\/path><\/svg><\/span>\n\t\t\t<span class='e-closed'><svg xmlns=\"http:\/\/www.w3.org\/2000\/svg\" width=\"15.97\" height=\"8.925\" viewbox=\"0 0 15.97 8.925\"><path id=\"Caminho_64\" data-name=\"Caminho 64\" d=\"M3749.705,2581.17l6.74-7.056-7.115-6.793\" transform=\"translate(2582.23 -3748.27) rotate(90)\" fill=\"none\" stroke=\"#8b8989\" stroke-linecap=\"round\" stroke-linejoin=\"round\" stroke-width=\"1.5\"><\/path><\/svg><\/span>\n\t\t<\/span>\n\n\t\t\t\t\t\t<\/summary>\n\t\t\t\t<div role=\"region\" aria-labelledby=\"e-n-accordion-item-9050\" class=\"elementor-element elementor-element-9371a97 e-con-full e-flex e-con e-child\" data-id=\"9371a97\" data-element_type=\"container\" data-e-type=\"container\">\n\t\t\t\t<div class=\"elementor-element elementor-element-dafeb43 elementor-widget elementor-widget-text-editor\" data-id=\"dafeb43\" data-element_type=\"widget\" data-e-type=\"widget\" data-widget_type=\"text-editor.default\">\n\t\t\t\t<div class=\"elementor-widget-container\">\n\t\t\t\t\t\t\t\t\t<p>A Interdesign concede ao seu cliente uma garantia vital\u00edcia sobre todos os seus produtos originais, cujo design e conce\u00e7\u00e3o tenha sido desenvolvido pela marca. Estando inclu\u00eddos nesta garantia todas as pe\u00e7as de mobili\u00e1rio e estruturas de estofos que apresentem na sua constitui\u00e7\u00e3o \u00fanica e exclusivamente defeitos originados pela sua m\u00e1 conce\u00e7\u00e3o.<\/p><p class=\"\" data-start=\"620\" data-end=\"1048\">Caso o Cliente pretenda devolver um produto, dever\u00e1 contactar a Interdesign atrav\u00e9s dos seguintes canais:<\/p><ul><li data-start=\"620\" data-end=\"1048\"><strong>Telefone<\/strong>: <a href=\"tel:+351964826251\"><span style=\"text-decoration: underline;\"><strong>+351 964 826 251<\/strong> <\/span><\/a>(chamada para a rede m\u00f3vel nacional)<\/li><li data-start=\"620\" data-end=\"1048\"><strong>Email<\/strong>: <span style=\"text-decoration: underline;\"><strong><a href=\"mailto:apoioclienteonline@interdesign.com.pt\" rel=\"noopener\" data-start=\"1011\" data-end=\"1048\">apoioclienteonline@interdesign.com.pt<\/a><\/strong><\/span><\/li><\/ul>\t\t\t\t\t\t\t\t<\/div>\n\t\t\t\t<\/div>\n\t\t\t\t<\/div>\n\t\t\t\t\t<\/details>\n\t\t\t\t\t\t<details id=\"e-n-accordion-item-9051\" class=\"e-n-accordion-item\" >\n\t\t\t\t<summary class=\"e-n-accordion-item-title\" data-accordion-index=\"2\" tabindex=\"-1\" aria-expanded=\"false\" aria-controls=\"e-n-accordion-item-9051\" >\n\t\t\t\t\t<span class='e-n-accordion-item-title-header'><div class=\"e-n-accordion-item-title-text\"> Danos Assegurados <\/div><\/span>\n\t\t\t\t\t\t\t<span class='e-n-accordion-item-title-icon'>\n\t\t\t<span class='e-opened' ><svg xmlns=\"http:\/\/www.w3.org\/2000\/svg\" width=\"15.97\" height=\"8.926\" viewbox=\"0 0 15.97 8.926\"><path id=\"Caminho_77\" data-name=\"Caminho 77\" d=\"M3749.705,2581.17l6.74-7.056-7.115-6.793\" transform=\"translate(-2566.26 3757.195) rotate(-90)\" fill=\"none\" stroke=\"#8b8989\" stroke-linecap=\"round\" stroke-linejoin=\"round\" stroke-width=\"1.5\"><\/path><\/svg><\/span>\n\t\t\t<span class='e-closed'><svg xmlns=\"http:\/\/www.w3.org\/2000\/svg\" width=\"15.97\" height=\"8.925\" viewbox=\"0 0 15.97 8.925\"><path id=\"Caminho_64\" data-name=\"Caminho 64\" d=\"M3749.705,2581.17l6.74-7.056-7.115-6.793\" transform=\"translate(2582.23 -3748.27) rotate(90)\" fill=\"none\" stroke=\"#8b8989\" stroke-linecap=\"round\" stroke-linejoin=\"round\" stroke-width=\"1.5\"><\/path><\/svg><\/span>\n\t\t<\/span>\n\n\t\t\t\t\t\t<\/summary>\n\t\t\t\t<div role=\"region\" aria-labelledby=\"e-n-accordion-item-9051\" class=\"elementor-element elementor-element-0d010a8 e-con-full e-flex e-con e-child\" data-id=\"0d010a8\" data-element_type=\"container\" data-e-type=\"container\">\n\t\t\t\t<div class=\"elementor-element elementor-element-e7cbf86 elementor-widget elementor-widget-text-editor\" data-id=\"e7cbf86\" data-element_type=\"widget\" data-e-type=\"widget\" data-widget_type=\"text-editor.default\">\n\t\t\t\t<div class=\"elementor-widget-container\">\n\t\t\t\t\t\t\t\t\t<p>A Interdesign assegura ao seu cliente a repara\u00e7\u00e3o ou substitui\u00e7\u00e3o da pe\u00e7a ou artigo que apresente os seguintes defeitos de fabrico, ap\u00f3s rigorosa e atenta an\u00e1lise de t\u00e9cnicos especialistas por si indicados.<\/p><ul><li>Mau acabamento na lacagem ou no verniz;<\/li><li>Afina\u00e7\u00e3o de componentes;<\/li><li>Empenamento dos materiais;<\/li><li>Levantamento da folha.<\/li><\/ul><p><br \/>No \u00e2mbito desta garantia n\u00e3o est\u00e1 contemplado o reembolso do valor correspondente \u00e0 pe\u00e7a defeituosa.<\/p>\t\t\t\t\t\t\t\t<\/div>\n\t\t\t\t<\/div>\n\t\t\t\t<\/div>\n\t\t\t\t\t<\/details>\n\t\t\t\t\t\t<details id=\"e-n-accordion-item-9052\" class=\"e-n-accordion-item\" >\n\t\t\t\t<summary class=\"e-n-accordion-item-title\" data-accordion-index=\"3\" tabindex=\"-1\" aria-expanded=\"false\" aria-controls=\"e-n-accordion-item-9052\" >\n\t\t\t\t\t<span class='e-n-accordion-item-title-header'><div class=\"e-n-accordion-item-title-text\"> Exclus\u00f5es <\/div><\/span>\n\t\t\t\t\t\t\t<span class='e-n-accordion-item-title-icon'>\n\t\t\t<span class='e-opened' ><svg xmlns=\"http:\/\/www.w3.org\/2000\/svg\" width=\"15.97\" height=\"8.926\" viewbox=\"0 0 15.97 8.926\"><path id=\"Caminho_77\" data-name=\"Caminho 77\" d=\"M3749.705,2581.17l6.74-7.056-7.115-6.793\" transform=\"translate(-2566.26 3757.195) rotate(-90)\" fill=\"none\" stroke=\"#8b8989\" stroke-linecap=\"round\" stroke-linejoin=\"round\" stroke-width=\"1.5\"><\/path><\/svg><\/span>\n\t\t\t<span class='e-closed'><svg xmlns=\"http:\/\/www.w3.org\/2000\/svg\" width=\"15.97\" height=\"8.925\" viewbox=\"0 0 15.97 8.925\"><path id=\"Caminho_64\" data-name=\"Caminho 64\" d=\"M3749.705,2581.17l6.74-7.056-7.115-6.793\" transform=\"translate(2582.23 -3748.27) rotate(90)\" fill=\"none\" stroke=\"#8b8989\" stroke-linecap=\"round\" stroke-linejoin=\"round\" stroke-width=\"1.5\"><\/path><\/svg><\/span>\n\t\t<\/span>\n\n\t\t\t\t\t\t<\/summary>\n\t\t\t\t<div role=\"region\" aria-labelledby=\"e-n-accordion-item-9052\" class=\"elementor-element elementor-element-01f3cbd e-con-full e-flex e-con e-child\" data-id=\"01f3cbd\" data-element_type=\"container\" data-e-type=\"container\">\n\t\t\t\t<div class=\"elementor-element elementor-element-e25bf20 elementor-widget elementor-widget-text-editor\" data-id=\"e25bf20\" data-element_type=\"widget\" data-e-type=\"widget\" data-widget_type=\"text-editor.default\">\n\t\t\t\t<div class=\"elementor-widget-container\">\n\t\t\t\t\t\t\t\t\t<p>Est\u00e3o exclu\u00eddos da garantia os danos originados pelo mau uso ou raz\u00f5es adversas alheias \u00e0 Interdesign, nomeadamente:<\/p><ul><li>Deteriora\u00e7\u00e3o dos materiais por proximidade de ambientes corrosivos;<\/li><li>Perda de cor dos materiais por exposi\u00e7\u00e3o solar;<\/li><li>Danos por mau uso;<\/li><li>Danos por limpeza indevida.<\/li><\/ul>\t\t\t\t\t\t\t\t<\/div>\n\t\t\t\t<\/div>\n\t\t\t\t<\/div>\n\t\t\t\t\t<\/details>\n\t\t\t\t\t\t<details id=\"e-n-accordion-item-9053\" class=\"e-n-accordion-item\" >\n\t\t\t\t<summary class=\"e-n-accordion-item-title\" data-accordion-index=\"4\" tabindex=\"-1\" aria-expanded=\"false\" aria-controls=\"e-n-accordion-item-9053\" >\n\t\t\t\t\t<span class='e-n-accordion-item-title-header'><div class=\"e-n-accordion-item-title-text\"> Condi\u00e7\u00f5es Particulares <\/div><\/span>\n\t\t\t\t\t\t\t<span class='e-n-accordion-item-title-icon'>\n\t\t\t<span class='e-opened' ><svg xmlns=\"http:\/\/www.w3.org\/2000\/svg\" width=\"15.97\" height=\"8.926\" viewbox=\"0 0 15.97 8.926\"><path id=\"Caminho_77\" data-name=\"Caminho 77\" d=\"M3749.705,2581.17l6.74-7.056-7.115-6.793\" transform=\"translate(-2566.26 3757.195) rotate(-90)\" fill=\"none\" stroke=\"#8b8989\" stroke-linecap=\"round\" stroke-linejoin=\"round\" stroke-width=\"1.5\"><\/path><\/svg><\/span>\n\t\t\t<span class='e-closed'><svg xmlns=\"http:\/\/www.w3.org\/2000\/svg\" width=\"15.97\" height=\"8.925\" viewbox=\"0 0 15.97 8.925\"><path id=\"Caminho_64\" data-name=\"Caminho 64\" d=\"M3749.705,2581.17l6.74-7.056-7.115-6.793\" transform=\"translate(2582.23 -3748.27) rotate(90)\" fill=\"none\" stroke=\"#8b8989\" stroke-linecap=\"round\" stroke-linejoin=\"round\" stroke-width=\"1.5\"><\/path><\/svg><\/span>\n\t\t<\/span>\n\n\t\t\t\t\t\t<\/summary>\n\t\t\t\t<div role=\"region\" aria-labelledby=\"e-n-accordion-item-9053\" class=\"elementor-element elementor-element-fa5fc43 e-con-full e-flex e-con e-child\" data-id=\"fa5fc43\" data-element_type=\"container\" data-e-type=\"container\">\n\t\t\t\t<div class=\"elementor-element elementor-element-fd0efdc elementor-widget elementor-widget-text-editor\" data-id=\"fd0efdc\" data-element_type=\"widget\" data-e-type=\"widget\" data-widget_type=\"text-editor.default\">\n\t\t\t\t<div class=\"elementor-widget-container\">\n\t\t\t\t\t\t\t\t\t<p>Relativamente a produtos comercializados pela Interdesign, provenientes de outros fornecedores, \u00e9 assegurada a garantia de dois anos, designadamente: tecidos, colch\u00f5es, estrados, candeeiros, abajures, material de jardim, pap\u00e9is de parede, pe\u00e7as decorativas e tapetes. Os estofos t\u00eam garantia de 5 anos (Estando exclu\u00eddos decorrentes do mau uso do utilizador).<\/p>\t\t\t\t\t\t\t\t<\/div>\n\t\t\t\t<\/div>\n\t\t\t\t<\/div>\n\t\t\t\t\t<\/details>\n\t\t\t\t\t\t<details id=\"e-n-accordion-item-9054\" class=\"e-n-accordion-item\" >\n\t\t\t\t<summary class=\"e-n-accordion-item-title\" data-accordion-index=\"5\" tabindex=\"-1\" aria-expanded=\"false\" aria-controls=\"e-n-accordion-item-9054\" >\n\t\t\t\t\t<span class='e-n-accordion-item-title-header'><div class=\"e-n-accordion-item-title-text\"> Cuidados de Manuten\u00e7\u00e3o <\/div><\/span>\n\t\t\t\t\t\t\t<span class='e-n-accordion-item-title-icon'>\n\t\t\t<span class='e-opened' ><svg xmlns=\"http:\/\/www.w3.org\/2000\/svg\" width=\"15.97\" height=\"8.926\" viewbox=\"0 0 15.97 8.926\"><path id=\"Caminho_77\" data-name=\"Caminho 77\" d=\"M3749.705,2581.17l6.74-7.056-7.115-6.793\" transform=\"translate(-2566.26 3757.195) rotate(-90)\" fill=\"none\" stroke=\"#8b8989\" stroke-linecap=\"round\" stroke-linejoin=\"round\" stroke-width=\"1.5\"><\/path><\/svg><\/span>\n\t\t\t<span class='e-closed'><svg xmlns=\"http:\/\/www.w3.org\/2000\/svg\" width=\"15.97\" height=\"8.925\" viewbox=\"0 0 15.97 8.925\"><path id=\"Caminho_64\" data-name=\"Caminho 64\" d=\"M3749.705,2581.17l6.74-7.056-7.115-6.793\" transform=\"translate(2582.23 -3748.27) rotate(90)\" fill=\"none\" stroke=\"#8b8989\" stroke-linecap=\"round\" stroke-linejoin=\"round\" stroke-width=\"1.5\"><\/path><\/svg><\/span>\n\t\t<\/span>\n\n\t\t\t\t\t\t<\/summary>\n\t\t\t\t<div role=\"region\" aria-labelledby=\"e-n-accordion-item-9054\" class=\"elementor-element elementor-element-ce4e359 e-con-full e-flex e-con e-child\" data-id=\"ce4e359\" data-element_type=\"container\" data-e-type=\"container\">\n\t\t\t\t<div class=\"elementor-element elementor-element-ed42edb elementor-widget elementor-widget-text-editor\" data-id=\"ed42edb\" data-element_type=\"widget\" data-e-type=\"widget\" data-widget_type=\"text-editor.default\">\n\t\t\t\t<div class=\"elementor-widget-container\">\n\t\t\t\t\t\t\t\t\t<p>As madeiras e os lacados devem ser limpos com um pano seco e macio.<\/p><p>O a\u00e7o inox deve ser limpo com um pano seco e macio.<\/p><p>O lat\u00e3o \u00e9 suscet\u00edvel a grande oxida\u00e7\u00e3o, a sua manuten\u00e7\u00e3o deve ser feita com os produtos indicados pela Interdesign para o efeito.<\/p><p>Os colch\u00f5es devem ser arejados com frequ\u00eancia e mudados de posi\u00e7\u00e3o todas as esta\u00e7\u00f5es.<\/p><p>Deve respeitar as indica\u00e7\u00f5es de limpeza dos tecidos, aconselhando a Interdesign que a mesma seja feita por profissionais especializados.<\/p>\t\t\t\t\t\t\t\t<\/div>\n\t\t\t\t<\/div>\n\t\t\t\t<\/div>\n\t\t\t\t\t<\/details>\n\t\t\t\t\t<\/div>\n\t\t\t\t\t\t<\/div>\n\t\t\t\t<\/div>\n\t\t\t\t<\/div>\n\t\t\t\t<\/div>","protected":false},"excerpt":{"rendered":"<p>Warranty Terms Identification Of The Responsible For Treatment Interdesign grants its customers a lifetime warranty on all original products whose design and development have been carried out by the brand. This warranty covers all furniture pieces and upholstered structures that exhibit, in their construction, exclusively defects resulting from poor design. If the Customer wishes to [&hellip;]<\/p>","protected":false},"author":1,"featured_media":2237,"parent":0,"menu_order":0,"comment_status":"closed","ping_status":"closed","template":"","meta":{"_acf_changed":false,"footnotes":""},"class_list":["post-1700","page","type-page","status-publish","has-post-thumbnail","hentry"],"acf":[],"yoast_head":"<!-- This site is optimized with the Yoast SEO plugin v27.3 - https:\/\/yoast.com\/product\/yoast-seo-wordpress\/ -->\n<title>Warranty Terms - Interdesign<\/title>\n<meta name=\"description\" content=\"Check Interdesign\u2019s Warranty Terms to see how we protect your products and your rights as a customer.\" \/>\n<meta name=\"robots\" content=\"index, follow, max-snippet:-1, max-image-preview:large, max-video-preview:-1\" \/>\n<link rel=\"canonical\" href=\"https:\/\/interdesign.com.pt\/pt\/condicoes-de-garantia\/\" \/>\n<meta property=\"og:locale\" content=\"pt_PT\" \/>\n<meta property=\"og:type\" content=\"article\" \/>\n<meta property=\"og:title\" content=\"Warranty Terms - Interdesign\" \/>\n<meta property=\"og:description\" content=\"Check Interdesign\u2019s Warranty Terms to see how we protect your products and your rights as a customer.\" \/>\n<meta property=\"og:url\" content=\"https:\/\/interdesign.com.pt\/pt\/condicoes-de-garantia\/\" \/>\n<meta property=\"og:site_name\" content=\"Interdesign\" \/>\n<meta property=\"article:modified_time\" content=\"2026-04-23T08:08:19+00:00\" \/>\n<meta property=\"og:image\" content=\"https:\/\/interdesign.com.pt\/wp-content\/uploads\/2025\/04\/Consola-Flair-interdesign-2-e1744802527648.jpg\" \/>\n\t<meta property=\"og:image:width\" content=\"668\" \/>\n\t<meta property=\"og:image:height\" content=\"1000\" \/>\n\t<meta property=\"og:image:type\" content=\"image\/jpeg\" \/>\n<meta name=\"twitter:card\" content=\"summary_large_image\" \/>\n<meta name=\"twitter:title\" content=\"Warranty Terms - Interdesign\" \/>\n<meta name=\"twitter:description\" content=\"Check Interdesign\u2019s Warranty Terms to see how we protect your products and your rights as a customer.\" \/>\n<meta name=\"twitter:image\" content=\"https:\/\/interdesign.com.pt\/wp-content\/uploads\/2025\/04\/Consola-Flair-interdesign-2-e1744802527648.jpg\" \/>\n<meta name=\"twitter:label1\" content=\"Tempo estimado de leitura\" \/>\n\t<meta name=\"twitter:data1\" content=\"3 minutos\" \/>\n<script type=\"application\/ld+json\" class=\"yoast-schema-graph\">{\"@context\":\"https:\\\/\\\/schema.org\",\"@graph\":[{\"@type\":\"WebPage\",\"@id\":\"https:\\\/\\\/interdesign.com.pt\\\/pt\\\/condicoes-de-garantia\\\/\",\"url\":\"https:\\\/\\\/interdesign.com.pt\\\/pt\\\/condicoes-de-garantia\\\/\",\"name\":\"Warranty Terms - Interdesign\",\"isPartOf\":{\"@id\":\"https:\\\/\\\/interdesign.com.pt\\\/pt\\\/#website\"},\"primaryImageOfPage\":{\"@id\":\"https:\\\/\\\/interdesign.com.pt\\\/pt\\\/condicoes-de-garantia\\\/#primaryimage\"},\"image\":{\"@id\":\"https:\\\/\\\/interdesign.com.pt\\\/pt\\\/condicoes-de-garantia\\\/#primaryimage\"},\"thumbnailUrl\":\"https:\\\/\\\/interdesign.com.pt\\\/wp-content\\\/uploads\\\/2025\\\/04\\\/Consola-Flair-interdesign-2-e1744802527648.jpg\",\"datePublished\":\"2025-04-07T11:03:18+00:00\",\"dateModified\":\"2026-04-23T08:08:19+00:00\",\"description\":\"Check Interdesign\u2019s Warranty Terms to see how we protect your products and your rights as a customer.\",\"breadcrumb\":{\"@id\":\"https:\\\/\\\/interdesign.com.pt\\\/pt\\\/condicoes-de-garantia\\\/#breadcrumb\"},\"inLanguage\":\"pt-PT\",\"potentialAction\":[{\"@type\":\"ReadAction\",\"target\":[\"https:\\\/\\\/interdesign.com.pt\\\/pt\\\/condicoes-de-garantia\\\/\"]}]},{\"@type\":\"ImageObject\",\"inLanguage\":\"pt-PT\",\"@id\":\"https:\\\/\\\/interdesign.com.pt\\\/pt\\\/condicoes-de-garantia\\\/#primaryimage\",\"url\":\"https:\\\/\\\/interdesign.com.pt\\\/wp-content\\\/uploads\\\/2025\\\/04\\\/Consola-Flair-interdesign-2-e1744802527648.jpg\",\"contentUrl\":\"https:\\\/\\\/interdesign.com.pt\\\/wp-content\\\/uploads\\\/2025\\\/04\\\/Consola-Flair-interdesign-2-e1744802527648.jpg\",\"width\":668,\"height\":1000,\"caption\":\"Warranty Terms | Interdesign\"},{\"@type\":\"BreadcrumbList\",\"@id\":\"https:\\\/\\\/interdesign.com.pt\\\/pt\\\/condicoes-de-garantia\\\/#breadcrumb\",\"itemListElement\":[{\"@type\":\"ListItem\",\"position\":1,\"name\":\"Home\",\"item\":\"https:\\\/\\\/interdesign.com.pt\\\/\"},{\"@type\":\"ListItem\",\"position\":2,\"name\":\"Warranty Terms\"}]},{\"@type\":\"WebSite\",\"@id\":\"https:\\\/\\\/interdesign.com.pt\\\/pt\\\/#website\",\"url\":\"https:\\\/\\\/interdesign.com.pt\\\/pt\\\/\",\"name\":\"Interdesign\",\"description\":\"Mobili\u00e1rio, Interiores &amp; Decora\u00e7\u00e3o\",\"publisher\":{\"@id\":\"https:\\\/\\\/interdesign.com.pt\\\/pt\\\/#organization\"},\"potentialAction\":[{\"@type\":\"SearchAction\",\"target\":{\"@type\":\"EntryPoint\",\"urlTemplate\":\"https:\\\/\\\/interdesign.com.pt\\\/pt\\\/?s={search_term_string}\"},\"query-input\":{\"@type\":\"PropertyValueSpecification\",\"valueRequired\":true,\"valueName\":\"search_term_string\"}}],\"inLanguage\":\"pt-PT\"},{\"@type\":\"Organization\",\"@id\":\"https:\\\/\\\/interdesign.com.pt\\\/pt\\\/#organization\",\"name\":\"Interdesign\",\"url\":\"https:\\\/\\\/interdesign.com.pt\\\/pt\\\/\",\"logo\":{\"@type\":\"ImageObject\",\"inLanguage\":\"pt-PT\",\"@id\":\"https:\\\/\\\/interdesign.com.pt\\\/pt\\\/#\\\/schema\\\/logo\\\/image\\\/\",\"url\":\"https:\\\/\\\/interdesign.com.pt\\\/wp-content\\\/uploads\\\/2025\\\/03\\\/interdesign-logo.svg\",\"contentUrl\":\"https:\\\/\\\/interdesign.com.pt\\\/wp-content\\\/uploads\\\/2025\\\/03\\\/interdesign-logo.svg\",\"caption\":\"Interdesign\"},\"image\":{\"@id\":\"https:\\\/\\\/interdesign.com.pt\\\/pt\\\/#\\\/schema\\\/logo\\\/image\\\/\"}}]}<\/script>\n<!-- \/ Yoast SEO plugin. -->","yoast_head_json":{"title":"Condi\u00e7\u00f5es de Garantia - Interdesign","description":"Check Interdesign\u2019s Warranty Terms to see how we protect your products and your rights as a customer.","robots":{"index":"index","follow":"follow","max-snippet":"max-snippet:-1","max-image-preview":"max-image-preview:large","max-video-preview":"max-video-preview:-1"},"canonical":"https:\/\/interdesign.com.pt\/pt\/condicoes-de-garantia\/","og_locale":"pt_PT","og_type":"article","og_title":"Warranty Terms - Interdesign","og_description":"Check Interdesign\u2019s Warranty Terms to see how we protect your products and your rights as a customer.","og_url":"https:\/\/interdesign.com.pt\/pt\/condicoes-de-garantia\/","og_site_name":"Interdesign","article_modified_time":"2026-04-23T08:08:19+00:00","og_image":[{"width":668,"height":1000,"url":"https:\/\/interdesign.com.pt\/wp-content\/uploads\/2025\/04\/Consola-Flair-interdesign-2-e1744802527648.jpg","type":"image\/jpeg"}],"twitter_card":"summary_large_image","twitter_title":"Warranty Terms - Interdesign","twitter_description":"Check Interdesign\u2019s Warranty Terms to see how we protect your products and your rights as a customer.","twitter_image":"https:\/\/interdesign.com.pt\/wp-content\/uploads\/2025\/04\/Consola-Flair-interdesign-2-e1744802527648.jpg","twitter_misc":{"Tempo estimado de leitura":"3 minutos"},"schema":{"@context":"https:\/\/schema.org","@graph":[{"@type":"WebPage","@id":"https:\/\/interdesign.com.pt\/pt\/condicoes-de-garantia\/","url":"https:\/\/interdesign.com.pt\/pt\/condicoes-de-garantia\/","name":"Condi\u00e7\u00f5es de Garantia - Interdesign","isPartOf":{"@id":"https:\/\/interdesign.com.pt\/pt\/#website"},"primaryImageOfPage":{"@id":"https:\/\/interdesign.com.pt\/pt\/condicoes-de-garantia\/#primaryimage"},"image":{"@id":"https:\/\/interdesign.com.pt\/pt\/condicoes-de-garantia\/#primaryimage"},"thumbnailUrl":"https:\/\/interdesign.com.pt\/wp-content\/uploads\/2025\/04\/Consola-Flair-interdesign-2-e1744802527648.jpg","datePublished":"2025-04-07T11:03:18+00:00","dateModified":"2026-04-23T08:08:19+00:00","description":"Check Interdesign\u2019s Warranty Terms to see how we protect your products and your rights as a customer.","breadcrumb":{"@id":"https:\/\/interdesign.com.pt\/pt\/condicoes-de-garantia\/#breadcrumb"},"inLanguage":"pt-PT","potentialAction":[{"@type":"ReadAction","target":["https:\/\/interdesign.com.pt\/pt\/condicoes-de-garantia\/"]}]},{"@type":"ImageObject","inLanguage":"pt-PT","@id":"https:\/\/interdesign.com.pt\/pt\/condicoes-de-garantia\/#primaryimage","url":"https:\/\/interdesign.com.pt\/wp-content\/uploads\/2025\/04\/Consola-Flair-interdesign-2-e1744802527648.jpg","contentUrl":"https:\/\/interdesign.com.pt\/wp-content\/uploads\/2025\/04\/Consola-Flair-interdesign-2-e1744802527648.jpg","width":668,"height":1000,"caption":"Warranty Terms | Interdesign"},{"@type":"BreadcrumbList","@id":"https:\/\/interdesign.com.pt\/pt\/condicoes-de-garantia\/#breadcrumb","itemListElement":[{"@type":"ListItem","position":1,"name":"Home","item":"https:\/\/interdesign.com.pt\/"},{"@type":"ListItem","position":2,"name":"Warranty Terms"}]},{"@type":"WebSite","@id":"https:\/\/interdesign.com.pt\/pt\/#website","url":"https:\/\/interdesign.com.pt\/pt\/","name":"Interdesign","description":"Mobili\u00e1rio, Interiores &amp; Decora\u00e7\u00e3o","publisher":{"@id":"https:\/\/interdesign.com.pt\/pt\/#organization"},"potentialAction":[{"@type":"SearchAction","target":{"@type":"EntryPoint","urlTemplate":"https:\/\/interdesign.com.pt\/pt\/?s={search_term_string}"},"query-input":{"@type":"PropertyValueSpecification","valueRequired":true,"valueName":"search_term_string"}}],"inLanguage":"pt-PT"},{"@type":"Organization","@id":"https:\/\/interdesign.com.pt\/pt\/#organization","name":"Interdesign","url":"https:\/\/interdesign.com.pt\/pt\/","logo":{"@type":"ImageObject","inLanguage":"pt-PT","@id":"https:\/\/interdesign.com.pt\/pt\/#\/schema\/logo\/image\/","url":"https:\/\/interdesign.com.pt\/wp-content\/uploads\/2025\/03\/interdesign-logo.svg","contentUrl":"https:\/\/interdesign.com.pt\/wp-content\/uploads\/2025\/03\/interdesign-logo.svg","caption":"Interdesign"},"image":{"@id":"https:\/\/interdesign.com.pt\/pt\/#\/schema\/logo\/image\/"}}]}},"_links":{"self":[{"href":"https:\/\/interdesign.com.pt\/pt\/wp-json\/wp\/v2\/pages\/1700","targetHints":{"allow":["GET"]}}],"collection":[{"href":"https:\/\/interdesign.com.pt\/pt\/wp-json\/wp\/v2\/pages"}],"about":[{"href":"https:\/\/interdesign.com.pt\/pt\/wp-json\/wp\/v2\/types\/page"}],"author":[{"embeddable":true,"href":"https:\/\/interdesign.com.pt\/pt\/wp-json\/wp\/v2\/users\/1"}],"replies":[{"embeddable":true,"href":"https:\/\/interdesign.com.pt\/pt\/wp-json\/wp\/v2\/comments?post=1700"}],"version-history":[{"count":97,"href":"https:\/\/interdesign.com.pt\/pt\/wp-json\/wp\/v2\/pages\/1700\/revisions"}],"predecessor-version":[{"id":80178,"href":"https:\/\/interdesign.com.pt\/pt\/wp-json\/wp\/v2\/pages\/1700\/revisions\/80178"}],"wp:featuredmedia":[{"embeddable":true,"href":"https:\/\/interdesign.com.pt\/pt\/wp-json\/wp\/v2\/media\/2237"}],"wp:attachment":[{"href":"https:\/\/interdesign.com.pt\/pt\/wp-json\/wp\/v2\/media?parent=1700"}],"curies":[{"name":"wp","href":"https:\/\/api.w.org\/{rel}","templated":true}]}}