{"id":4891,"date":"2025-05-13T15:49:40","date_gmt":"2025-05-13T15:49:40","guid":{"rendered":"https:\/\/interdesign.ad-pulse.com\/?page_id=4891"},"modified":"2026-04-15T14:19:52","modified_gmt":"2026-04-15T14:19:52","slug":"cuidado-do-produto","status":"publish","type":"page","link":"https:\/\/interdesign.com.pt\/pt\/cuidado-do-produto\/","title":{"rendered":"Cuidados com o Produto"},"content":{"rendered":"<div data-elementor-type=\"wp-page\" data-elementor-id=\"4891\" class=\"elementor elementor-4891\" data-elementor-post-type=\"page\">\n\t\t\t\t<div class=\"elementor-element elementor-element-e5b109a e-con-full e-flex e-con e-parent\" data-id=\"e5b109a\" data-element_type=\"container\" data-e-type=\"container\">\n\t\t<div class=\"elementor-element elementor-element-dda2085 e-flex e-con-boxed e-con e-child\" data-id=\"dda2085\" data-element_type=\"container\" data-e-type=\"container\" data-settings=\"{&quot;background_background&quot;:&quot;video&quot;,&quot;background_play_on_mobile&quot;:&quot;yes&quot;,&quot;background_video_start&quot;:0,&quot;background_video_link&quot;:&quot;https:\\\/\\\/interdesign.com.pt\\\/pt\\\/16_9-cuidados\\\/&quot;}\">\n\t\t\t\t\t<div class=\"e-con-inner\">\n\t\t<div class=\"elementor-background-video-container\">\n\t\t\t\t\t\t\t<video class=\"elementor-background-video-hosted\" role=\"presentation\" autoplay muted playsinline loop><\/video>\n\t\t\t\t\t<\/div><div class=\"elementor-element elementor-element-0cca1c5 e-con-full e-flex e-con e-child\" data-id=\"0cca1c5\" data-element_type=\"container\" data-e-type=\"container\">\n\t\t\t\t<div class=\"elementor-element elementor-element-d131d57 elementor-widget elementor-widget-heading\" data-id=\"d131d57\" data-element_type=\"widget\" data-e-type=\"widget\" data-widget_type=\"heading.default\">\n\t\t\t\t<div class=\"elementor-widget-container\">\n\t\t\t\t\t<h1 class=\"elementor-heading-title elementor-size-default\">Cuidados com o Produto<\/h1>\t\t\t\t<\/div>\n\t\t\t\t<\/div>\n\t\t\t\t<div class=\"elementor-element elementor-element-4cb601b elementor-widget elementor-widget-heading\" data-id=\"4cb601b\" data-element_type=\"widget\" data-e-type=\"widget\" data-widget_type=\"heading.default\">\n\t\t\t\t<div class=\"elementor-widget-container\">\n\t\t\t\t\t<p class=\"elementor-heading-title elementor-size-default\">Porque cada pe\u00e7a merece durar uma vida inteira<\/p>\t\t\t\t<\/div>\n\t\t\t\t<\/div>\n\t\t\t\t<\/div>\n\t\t\t\t<div class=\"elementor-element elementor-element-13bee6f elementor-widget elementor-widget-text-editor\" data-id=\"13bee6f\" data-element_type=\"widget\" data-e-type=\"widget\" data-widget_type=\"text-editor.default\">\n\t\t\t\t<div class=\"elementor-widget-container\">\n\t\t\t\t\t\t\t\t\t<p>Na Interdesign, acreditamos que o mobili\u00e1rio n\u00e3o \u00e9 apenas funcional, \u00e9 uma extens\u00e3o do seu estilo, da sua casa e da sua hist\u00f3ria.<\/p><p>Cada pe\u00e7a \u00e9 cuidadosamente projetada, precisamente trabalhada e acabada com materiais de alta qualidade. Para garantir a sua durabilidade e beleza ao longo dos anos, elabor\u00e1mos algumas orienta\u00e7\u00f5es essenciais de cuidado e manuten\u00e7\u00e3o.<\/p>\t\t\t\t\t\t\t\t<\/div>\n\t\t\t\t<\/div>\n\t\t\t\t\t<\/div>\n\t\t\t\t<\/div>\n\t\t\t\t<\/div>\n\t\t<div class=\"elementor-element elementor-element-5c2713f e-flex e-con-boxed e-con e-parent\" data-id=\"5c2713f\" data-element_type=\"container\" data-e-type=\"container\">\n\t\t\t\t\t<div class=\"e-con-inner\">\n\t\t\t\t<div class=\"elementor-element elementor-element-c0e5e3d elementor-widget elementor-widget-heading\" data-id=\"c0e5e3d\" data-element_type=\"widget\" data-e-type=\"widget\" data-widget_type=\"heading.default\">\n\t\t\t\t<div class=\"elementor-widget-container\">\n\t\t\t\t\t<h2 class=\"elementor-heading-title elementor-size-default\">Cuidados de Limpeza Recomendados\n<\/h2>\t\t\t\t<\/div>\n\t\t\t\t<\/div>\n\t\t<div class=\"elementor-element elementor-element-13b657a e-con-full e-flex e-con e-child\" data-id=\"13b657a\" data-element_type=\"container\" data-e-type=\"container\">\n\t\t<div class=\"elementor-element elementor-element-d34eb8b e-con-full e-flex e-con e-child\" data-id=\"d34eb8b\" data-element_type=\"container\" data-e-type=\"container\">\n\t\t\t\t<div class=\"elementor-element elementor-element-2ccd58f elementor-widget elementor-widget-heading\" data-id=\"2ccd58f\" data-element_type=\"widget\" data-e-type=\"widget\" data-widget_type=\"heading.default\">\n\t\t\t\t<div class=\"elementor-widget-container\">\n\t\t\t\t\t<h3 class=\"elementor-heading-title elementor-size-default\">Estofos<\/h3>\t\t\t\t<\/div>\n\t\t\t\t<\/div>\n\t\t\t\t<div class=\"elementor-element elementor-element-09fa794 elementor-widget elementor-widget-text-editor\" data-id=\"09fa794\" data-element_type=\"widget\" data-e-type=\"widget\" data-widget_type=\"text-editor.default\">\n\t\t\t\t<div class=\"elementor-widget-container\">\n\t\t\t\t\t\t\t\t\t<ul><li>N\u00e3o utilize produtos qu\u00edmicos.<\/li><li>Utilizar apenas pano h\u00famido ou sab\u00e3o neutro.<\/li><\/ul>\t\t\t\t\t\t\t\t<\/div>\n\t\t\t\t<\/div>\n\t\t\t\t<\/div>\n\t\t<div class=\"elementor-element elementor-element-b886ea1 e-con-full e-flex e-con e-child\" data-id=\"b886ea1\" data-element_type=\"container\" data-e-type=\"container\">\n\t\t\t\t<div class=\"elementor-element elementor-element-6062fc1 elementor-widget elementor-widget-heading\" data-id=\"6062fc1\" data-element_type=\"widget\" data-e-type=\"widget\" data-widget_type=\"heading.default\">\n\t\t\t\t<div class=\"elementor-widget-container\">\n\t\t\t\t\t<h3 class=\"elementor-heading-title elementor-size-default\">Madeiras<\/h3>\t\t\t\t<\/div>\n\t\t\t\t<\/div>\n\t\t\t\t<div class=\"elementor-element elementor-element-09d9037 elementor-widget elementor-widget-text-editor\" data-id=\"09d9037\" data-element_type=\"widget\" data-e-type=\"widget\" data-widget_type=\"text-editor.default\">\n\t\t\t\t<div class=\"elementor-widget-container\">\n\t\t\t\t\t\t\t\t\t<ul><li>Limpe com um pano de flanela seco ou uma escova de cerdas macias.<\/li><li>Para limpeza profunda, utilize um pano h\u00famido com sab\u00e3o neutro e seque imediatamente.<\/li><li>Evite ceras e ambientes secos que possam causar fissuras.<\/li><\/ul>\t\t\t\t\t\t\t\t<\/div>\n\t\t\t\t<\/div>\n\t\t\t\t<\/div>\n\t\t\t\t<\/div>\n\t\t<div class=\"elementor-element elementor-element-0eba729 e-con-full e-flex e-con e-child\" data-id=\"0eba729\" data-element_type=\"container\" data-e-type=\"container\">\n\t\t<div class=\"elementor-element elementor-element-0cfa6f5 e-con-full e-flex e-con e-child\" data-id=\"0cfa6f5\" data-element_type=\"container\" data-e-type=\"container\">\n\t\t\t\t<div class=\"elementor-element elementor-element-65c20fb elementor-widget elementor-widget-heading\" data-id=\"65c20fb\" data-element_type=\"widget\" data-e-type=\"widget\" data-widget_type=\"heading.default\">\n\t\t\t\t<div class=\"elementor-widget-container\">\n\t\t\t\t\t<h3 class=\"elementor-heading-title elementor-size-default\">Superf\u00edcies Lacadas<\/h3>\t\t\t\t<\/div>\n\t\t\t\t<\/div>\n\t\t\t\t<div class=\"elementor-element elementor-element-42e5185 elementor-widget elementor-widget-text-editor\" data-id=\"42e5185\" data-element_type=\"widget\" data-e-type=\"widget\" data-widget_type=\"text-editor.default\">\n\t\t\t\t<div class=\"elementor-widget-container\">\n\t\t\t\t\t\t\t\t\t<ul><li>Use um pano macio e h\u00famido.<\/li><li>Para limpeza profunda, utilize sab\u00e3o neutro e finalize com flanela seca em movimentos circulares.<\/li><\/ul>\t\t\t\t\t\t\t\t<\/div>\n\t\t\t\t<\/div>\n\t\t\t\t<\/div>\n\t\t<div class=\"elementor-element elementor-element-9740bb6 e-con-full e-flex e-con e-child\" data-id=\"9740bb6\" data-element_type=\"container\" data-e-type=\"container\">\n\t\t\t\t<div class=\"elementor-element elementor-element-11135d8 elementor-widget elementor-widget-heading\" data-id=\"11135d8\" data-element_type=\"widget\" data-e-type=\"widget\" data-widget_type=\"heading.default\">\n\t\t\t\t<div class=\"elementor-widget-container\">\n\t\t\t\t\t<h3 class=\"elementor-heading-title elementor-size-default\">Metais<\/h3>\t\t\t\t<\/div>\n\t\t\t\t<\/div>\n\t\t\t\t<div class=\"elementor-element elementor-element-9c09943 elementor-widget elementor-widget-text-editor\" data-id=\"9c09943\" data-element_type=\"widget\" data-e-type=\"widget\" data-widget_type=\"text-editor.default\">\n\t\t\t\t<div class=\"elementor-widget-container\">\n\t\t\t\t\t\t\t\t\t<ul><li>Limpe com pano h\u00famido e sab\u00e3o neutro.<\/li><li>Evite produtos abrasivos e \u00e0 base de cloro.<\/li><li>Para marcas de dedos, usar \u00e1lcool isoprop\u00edlico.<\/li><\/ul>\t\t\t\t\t\t\t\t<\/div>\n\t\t\t\t<\/div>\n\t\t\t\t<\/div>\n\t\t\t\t<\/div>\n\t\t<div class=\"elementor-element elementor-element-827c232 e-con-full e-flex e-con e-child\" data-id=\"827c232\" data-element_type=\"container\" data-e-type=\"container\">\n\t\t<div class=\"elementor-element elementor-element-68d8c86 e-con-full e-flex e-con e-child\" data-id=\"68d8c86\" data-element_type=\"container\" data-e-type=\"container\">\n\t\t\t\t<div class=\"elementor-element elementor-element-12dbbf4 elementor-widget elementor-widget-heading\" data-id=\"12dbbf4\" data-element_type=\"widget\" data-e-type=\"widget\" data-widget_type=\"heading.default\">\n\t\t\t\t<div class=\"elementor-widget-container\">\n\t\t\t\t\t<h3 class=\"elementor-heading-title elementor-size-default\">Vidro<\/h3>\t\t\t\t<\/div>\n\t\t\t\t<\/div>\n\t\t\t\t<div class=\"elementor-element elementor-element-475fd87 elementor-widget elementor-widget-text-editor\" data-id=\"475fd87\" data-element_type=\"widget\" data-e-type=\"widget\" data-widget_type=\"text-editor.default\">\n\t\t\t\t<div class=\"elementor-widget-container\">\n\t\t\t\t\t\t\t\t\t<ul><li>Limpe com \u00e1gua morna e seque imediatamente.<\/li><li>Pode usar \u00e1lcool isoprop\u00edlico ou limpa-vidros (evitando contato com outras superf\u00edcies).<\/li><li>N\u00e3o usar produtos abrasivos.<\/li><\/ul>\t\t\t\t\t\t\t\t<\/div>\n\t\t\t\t<\/div>\n\t\t\t\t<\/div>\n\t\t<div class=\"elementor-element elementor-element-0cf900b e-con-full e-flex e-con e-child\" data-id=\"0cf900b\" data-element_type=\"container\" data-e-type=\"container\">\n\t\t\t\t<div class=\"elementor-element elementor-element-4feb440 elementor-widget elementor-widget-heading\" data-id=\"4feb440\" data-element_type=\"widget\" data-e-type=\"widget\" data-widget_type=\"heading.default\">\n\t\t\t\t<div class=\"elementor-widget-container\">\n\t\t\t\t\t<h3 class=\"elementor-heading-title elementor-size-default\">M\u00e1rmores<\/h3>\t\t\t\t<\/div>\n\t\t\t\t<\/div>\n\t\t\t\t<div class=\"elementor-element elementor-element-a613f1c elementor-widget elementor-widget-text-editor\" data-id=\"a613f1c\" data-element_type=\"widget\" data-e-type=\"widget\" data-widget_type=\"text-editor.default\">\n\t\t\t\t<div class=\"elementor-widget-container\">\n\t\t\t\t\t\t\t\t\t<ul><li>Cada pe\u00e7a \u00e9 \u00fanica, com padr\u00f5es naturais.<\/li><li>Utilize tapetes e bases de prote\u00e7\u00e3o para evitar manchas.<\/li><li>Requer cuidados e manuten\u00e7\u00e3o frequentes.<\/li><\/ul>\t\t\t\t\t\t\t\t<\/div>\n\t\t\t\t<\/div>\n\t\t\t\t<\/div>\n\t\t\t\t<\/div>\n\t\t<div class=\"elementor-element elementor-element-9a56440 e-con-full e-flex e-con e-child\" data-id=\"9a56440\" data-element_type=\"container\" data-e-type=\"container\">\n\t\t<div class=\"elementor-element elementor-element-9217e5a e-con-full e-flex e-con e-child\" data-id=\"9217e5a\" data-element_type=\"container\" data-e-type=\"container\">\n\t\t\t\t<div class=\"elementor-element elementor-element-f27842c elementor-widget elementor-widget-heading\" data-id=\"f27842c\" data-element_type=\"widget\" data-e-type=\"widget\" data-widget_type=\"heading.default\">\n\t\t\t\t<div class=\"elementor-widget-container\">\n\t\t\t\t\t<h3 class=\"elementor-heading-title elementor-size-default\">Efeito Madeira Natural (acabamento sint\u00e9tico)<\/h3>\t\t\t\t<\/div>\n\t\t\t\t<\/div>\n\t\t\t\t<div class=\"elementor-element elementor-element-d54587d elementor-widget elementor-widget-text-editor\" data-id=\"d54587d\" data-element_type=\"widget\" data-e-type=\"widget\" data-widget_type=\"text-editor.default\">\n\t\t\t\t<div class=\"elementor-widget-container\">\n\t\t\t\t\t\t\t\t\t<ul><li>Use panos macios com detergente dom\u00e9stico comum.<\/li><li>Evite pulverizar diretamente sobre a superf\u00edcie.<\/li><li>Enxag\u00fae e seque bem para evitar marcas de calc\u00e1rio.<\/li><li>N\u00e3o utilizar lix\u00edvia, produtos abrasivos ou esponjas agressivas.<\/li><\/ul>\t\t\t\t\t\t\t\t<\/div>\n\t\t\t\t<\/div>\n\t\t\t\t<\/div>\n\t\t\t\t<\/div>\n\t\t\t\t\t<\/div>\n\t\t\t\t<\/div>\n\t\t<div class=\"elementor-element elementor-element-e51043b e-flex e-con-boxed e-con e-parent\" data-id=\"e51043b\" data-element_type=\"container\" data-e-type=\"container\" data-settings=\"{&quot;background_background&quot;:&quot;classic&quot;}\">\n\t\t\t\t\t<div class=\"e-con-inner\">\n\t\t\t\t<div class=\"elementor-element elementor-element-17d821c elementor-widget elementor-widget-heading\" data-id=\"17d821c\" data-element_type=\"widget\" data-e-type=\"widget\" data-widget_type=\"heading.default\">\n\t\t\t\t<div class=\"elementor-widget-container\">\n\t\t\t\t\t<p class=\"elementor-heading-title elementor-size-default\"> Cuidar \u00e9 valorizar<\/p>\t\t\t\t<\/div>\n\t\t\t\t<\/div>\n\t\t\t\t<div class=\"elementor-element elementor-element-abbd67e elementor-widget elementor-widget-text-editor\" data-id=\"abbd67e\" data-element_type=\"widget\" data-e-type=\"widget\" data-widget_type=\"text-editor.default\">\n\t\t\t\t<div class=\"elementor-widget-container\">\n\t\t\t\t\t\t\t\t\t<p>Seguindo estas recomenda\u00e7\u00f5es simples, prolonga a vida do seu mobili\u00e1rio e preserva o seu aspeto original por muitos anos.<\/p><p>Se tiver alguma d\u00favida sobre cuidados espec\u00edficos, a nossa equipa est\u00e1 dispon\u00edvel para o aconselhar.<\/p><p>Visite uma das nossas lojas ou contacte-nos:<\/p><p><a href=\"mailto:info@interdesign.com.pt\" target=\"_blank\" rel=\"noopener\"><strong>info@interdesign.com.pt<\/strong><\/a><br \/><strong><a href=\"https:\/\/api.whatsapp.com\/send?phone=351964441945\" target=\"_blank\" rel=\"noopener\">+351 964 441 945<\/a><\/strong><\/p>\t\t\t\t\t\t\t\t<\/div>\n\t\t\t\t<\/div>\n\t\t\t\t\t<\/div>\n\t\t\t\t<\/div>\n\t\t\t\t<\/div>","protected":false},"excerpt":{"rendered":"<p>Because each piece deserves to last a lifetime At Interdesign, we believe furniture is not just functional \u2014 it\u2019s an extension of your style, your home, and your story. Each piece is thoughtfully designed, precisely crafted, and finished with premium materials. To ensure its durability and beauty over the years, we\u2019ve put together some essential [&hellip;]<\/p>","protected":false},"author":1,"featured_media":2244,"parent":0,"menu_order":0,"comment_status":"closed","ping_status":"closed","template":"","meta":{"_acf_changed":false,"footnotes":""},"class_list":["post-4891","page","type-page","status-publish","has-post-thumbnail","hentry"],"acf":[],"yoast_head":"<!-- This site is optimized with the Yoast SEO plugin v27.3 - https:\/\/yoast.com\/product\/yoast-seo-wordpress\/ -->\n<title>Product Care - Interdesign<\/title>\n<meta name=\"description\" content=\"By following these simple recommendations, you prolong the life of your furniture and preserve its original look for many years.\" \/>\n<meta name=\"robots\" content=\"index, follow, max-snippet:-1, max-image-preview:large, max-video-preview:-1\" \/>\n<link rel=\"canonical\" href=\"https:\/\/interdesign.com.pt\/pt\/cuidado-do-produto\/\" \/>\n<meta property=\"og:locale\" content=\"pt_PT\" \/>\n<meta property=\"og:type\" content=\"article\" \/>\n<meta property=\"og:title\" content=\"Product Care - Interdesign\" \/>\n<meta property=\"og:description\" content=\"By following these simple recommendations, you prolong the life of your furniture and preserve its original look for many years.\" \/>\n<meta property=\"og:url\" content=\"https:\/\/interdesign.com.pt\/pt\/cuidado-do-produto\/\" \/>\n<meta property=\"og:site_name\" content=\"Interdesign\" \/>\n<meta property=\"article:modified_time\" content=\"2026-04-15T14:19:52+00:00\" \/>\n<meta property=\"og:image\" content=\"https:\/\/interdesign.com.pt\/wp-content\/uploads\/2025\/04\/CLAMEC001-AMB1-e1746471362905.jpg\" \/>\n\t<meta property=\"og:image:width\" content=\"720\" \/>\n\t<meta property=\"og:image:height\" content=\"1000\" \/>\n\t<meta property=\"og:image:type\" content=\"image\/jpeg\" \/>\n<meta name=\"twitter:card\" content=\"summary_large_image\" \/>\n<meta name=\"twitter:title\" content=\"Product Care - Interdesign\" \/>\n<meta name=\"twitter:description\" content=\"By following these simple recommendations, you prolong the life of your furniture and preserve its original look for many years.\" \/>\n<meta name=\"twitter:image\" content=\"https:\/\/interdesign.com.pt\/wp-content\/uploads\/2025\/04\/CLAMEC001-AMB1-e1746471362905.jpg\" \/>\n<meta name=\"twitter:label1\" content=\"Tempo estimado de leitura\" \/>\n\t<meta name=\"twitter:data1\" content=\"2 minutos\" \/>\n<script type=\"application\/ld+json\" class=\"yoast-schema-graph\">{\"@context\":\"https:\\\/\\\/schema.org\",\"@graph\":[{\"@type\":\"WebPage\",\"@id\":\"https:\\\/\\\/interdesign.com.pt\\\/en\\\/product-care\\\/\",\"url\":\"https:\\\/\\\/interdesign.com.pt\\\/en\\\/product-care\\\/\",\"name\":\"Product Care - Interdesign\",\"isPartOf\":{\"@id\":\"https:\\\/\\\/interdesign.com.pt\\\/pt\\\/#website\"},\"primaryImageOfPage\":{\"@id\":\"https:\\\/\\\/interdesign.com.pt\\\/en\\\/product-care\\\/#primaryimage\"},\"image\":{\"@id\":\"https:\\\/\\\/interdesign.com.pt\\\/en\\\/product-care\\\/#primaryimage\"},\"thumbnailUrl\":\"https:\\\/\\\/interdesign.com.pt\\\/wp-content\\\/uploads\\\/2025\\\/04\\\/CLAMEC001-AMB1-e1746471362905.jpg\",\"datePublished\":\"2025-05-13T15:49:40+00:00\",\"dateModified\":\"2026-04-15T14:19:52+00:00\",\"description\":\"By following these simple recommendations, you prolong the life of your furniture and preserve its original look for many years.\",\"breadcrumb\":{\"@id\":\"https:\\\/\\\/interdesign.com.pt\\\/en\\\/product-care\\\/#breadcrumb\"},\"inLanguage\":\"pt-PT\",\"potentialAction\":[{\"@type\":\"ReadAction\",\"target\":[\"https:\\\/\\\/interdesign.com.pt\\\/en\\\/product-care\\\/\"]}]},{\"@type\":\"ImageObject\",\"inLanguage\":\"pt-PT\",\"@id\":\"https:\\\/\\\/interdesign.com.pt\\\/en\\\/product-care\\\/#primaryimage\",\"url\":\"https:\\\/\\\/interdesign.com.pt\\\/wp-content\\\/uploads\\\/2025\\\/04\\\/CLAMEC001-AMB1-e1746471362905.jpg\",\"contentUrl\":\"https:\\\/\\\/interdesign.com.pt\\\/wp-content\\\/uploads\\\/2025\\\/04\\\/CLAMEC001-AMB1-e1746471362905.jpg\",\"width\":720,\"height\":1000,\"caption\":\"Product Care | Interdesign\"},{\"@type\":\"BreadcrumbList\",\"@id\":\"https:\\\/\\\/interdesign.com.pt\\\/en\\\/product-care\\\/#breadcrumb\",\"itemListElement\":[{\"@type\":\"ListItem\",\"position\":1,\"name\":\"Home\",\"item\":\"https:\\\/\\\/interdesign.com.pt\\\/\"},{\"@type\":\"ListItem\",\"position\":2,\"name\":\"Product Care\"}]},{\"@type\":\"WebSite\",\"@id\":\"https:\\\/\\\/interdesign.com.pt\\\/pt\\\/#website\",\"url\":\"https:\\\/\\\/interdesign.com.pt\\\/pt\\\/\",\"name\":\"Interdesign\",\"description\":\"Mobili\u00e1rio, Interiores &amp; Decora\u00e7\u00e3o\",\"publisher\":{\"@id\":\"https:\\\/\\\/interdesign.com.pt\\\/pt\\\/#organization\"},\"potentialAction\":[{\"@type\":\"SearchAction\",\"target\":{\"@type\":\"EntryPoint\",\"urlTemplate\":\"https:\\\/\\\/interdesign.com.pt\\\/pt\\\/?s={search_term_string}\"},\"query-input\":{\"@type\":\"PropertyValueSpecification\",\"valueRequired\":true,\"valueName\":\"search_term_string\"}}],\"inLanguage\":\"pt-PT\"},{\"@type\":\"Organization\",\"@id\":\"https:\\\/\\\/interdesign.com.pt\\\/pt\\\/#organization\",\"name\":\"Interdesign\",\"url\":\"https:\\\/\\\/interdesign.com.pt\\\/pt\\\/\",\"logo\":{\"@type\":\"ImageObject\",\"inLanguage\":\"pt-PT\",\"@id\":\"https:\\\/\\\/interdesign.com.pt\\\/pt\\\/#\\\/schema\\\/logo\\\/image\\\/\",\"url\":\"https:\\\/\\\/interdesign.com.pt\\\/wp-content\\\/uploads\\\/2025\\\/03\\\/interdesign-logo.svg\",\"contentUrl\":\"https:\\\/\\\/interdesign.com.pt\\\/wp-content\\\/uploads\\\/2025\\\/03\\\/interdesign-logo.svg\",\"caption\":\"Interdesign\"},\"image\":{\"@id\":\"https:\\\/\\\/interdesign.com.pt\\\/pt\\\/#\\\/schema\\\/logo\\\/image\\\/\"}}]}<\/script>\n<!-- \/ Yoast SEO plugin. -->","yoast_head_json":{"title":"Cuidados com o Produto - Interdesign","description":"Seguindo estas recomenda\u00e7\u00f5es simples, prolonga a vida do seu mobili\u00e1rio e preserva o seu aspeto original por muitos anos.","robots":{"index":"index","follow":"follow","max-snippet":"max-snippet:-1","max-image-preview":"max-image-preview:large","max-video-preview":"max-video-preview:-1"},"canonical":"https:\/\/interdesign.com.pt\/pt\/cuidado-do-produto\/","og_locale":"pt_PT","og_type":"article","og_title":"Product Care - Interdesign","og_description":"By following these simple recommendations, you prolong the life of your furniture and preserve its original look for many years.","og_url":"https:\/\/interdesign.com.pt\/pt\/cuidado-do-produto\/","og_site_name":"Interdesign","article_modified_time":"2026-04-15T14:19:52+00:00","og_image":[{"width":720,"height":1000,"url":"https:\/\/interdesign.com.pt\/wp-content\/uploads\/2025\/04\/CLAMEC001-AMB1-e1746471362905.jpg","type":"image\/jpeg"}],"twitter_card":"summary_large_image","twitter_title":"Product Care - Interdesign","twitter_description":"By following these simple recommendations, you prolong the life of your furniture and preserve its original look for many years.","twitter_image":"https:\/\/interdesign.com.pt\/wp-content\/uploads\/2025\/04\/CLAMEC001-AMB1-e1746471362905.jpg","twitter_misc":{"Tempo estimado de leitura":"2 minutos"},"schema":{"@context":"https:\/\/schema.org","@graph":[{"@type":"WebPage","@id":"https:\/\/interdesign.com.pt\/en\/product-care\/","url":"https:\/\/interdesign.com.pt\/en\/product-care\/","name":"Cuidados com o Produto - Interdesign","isPartOf":{"@id":"https:\/\/interdesign.com.pt\/pt\/#website"},"primaryImageOfPage":{"@id":"https:\/\/interdesign.com.pt\/en\/product-care\/#primaryimage"},"image":{"@id":"https:\/\/interdesign.com.pt\/en\/product-care\/#primaryimage"},"thumbnailUrl":"https:\/\/interdesign.com.pt\/wp-content\/uploads\/2025\/04\/CLAMEC001-AMB1-e1746471362905.jpg","datePublished":"2025-05-13T15:49:40+00:00","dateModified":"2026-04-15T14:19:52+00:00","description":"Seguindo estas recomenda\u00e7\u00f5es simples, prolonga a vida do seu mobili\u00e1rio e preserva o seu aspeto original por muitos anos.","breadcrumb":{"@id":"https:\/\/interdesign.com.pt\/en\/product-care\/#breadcrumb"},"inLanguage":"pt-PT","potentialAction":[{"@type":"ReadAction","target":["https:\/\/interdesign.com.pt\/en\/product-care\/"]}]},{"@type":"ImageObject","inLanguage":"pt-PT","@id":"https:\/\/interdesign.com.pt\/en\/product-care\/#primaryimage","url":"https:\/\/interdesign.com.pt\/wp-content\/uploads\/2025\/04\/CLAMEC001-AMB1-e1746471362905.jpg","contentUrl":"https:\/\/interdesign.com.pt\/wp-content\/uploads\/2025\/04\/CLAMEC001-AMB1-e1746471362905.jpg","width":720,"height":1000,"caption":"Product Care | Interdesign"},{"@type":"BreadcrumbList","@id":"https:\/\/interdesign.com.pt\/en\/product-care\/#breadcrumb","itemListElement":[{"@type":"ListItem","position":1,"name":"Home","item":"https:\/\/interdesign.com.pt\/"},{"@type":"ListItem","position":2,"name":"Product Care"}]},{"@type":"WebSite","@id":"https:\/\/interdesign.com.pt\/pt\/#website","url":"https:\/\/interdesign.com.pt\/pt\/","name":"Interdesign","description":"Mobili\u00e1rio, Interiores &amp; Decora\u00e7\u00e3o","publisher":{"@id":"https:\/\/interdesign.com.pt\/pt\/#organization"},"potentialAction":[{"@type":"SearchAction","target":{"@type":"EntryPoint","urlTemplate":"https:\/\/interdesign.com.pt\/pt\/?s={search_term_string}"},"query-input":{"@type":"PropertyValueSpecification","valueRequired":true,"valueName":"search_term_string"}}],"inLanguage":"pt-PT"},{"@type":"Organization","@id":"https:\/\/interdesign.com.pt\/pt\/#organization","name":"Interdesign","url":"https:\/\/interdesign.com.pt\/pt\/","logo":{"@type":"ImageObject","inLanguage":"pt-PT","@id":"https:\/\/interdesign.com.pt\/pt\/#\/schema\/logo\/image\/","url":"https:\/\/interdesign.com.pt\/wp-content\/uploads\/2025\/03\/interdesign-logo.svg","contentUrl":"https:\/\/interdesign.com.pt\/wp-content\/uploads\/2025\/03\/interdesign-logo.svg","caption":"Interdesign"},"image":{"@id":"https:\/\/interdesign.com.pt\/pt\/#\/schema\/logo\/image\/"}}]}},"_links":{"self":[{"href":"https:\/\/interdesign.com.pt\/pt\/wp-json\/wp\/v2\/pages\/4891","targetHints":{"allow":["GET"]}}],"collection":[{"href":"https:\/\/interdesign.com.pt\/pt\/wp-json\/wp\/v2\/pages"}],"about":[{"href":"https:\/\/interdesign.com.pt\/pt\/wp-json\/wp\/v2\/types\/page"}],"author":[{"embeddable":true,"href":"https:\/\/interdesign.com.pt\/pt\/wp-json\/wp\/v2\/users\/1"}],"replies":[{"embeddable":true,"href":"https:\/\/interdesign.com.pt\/pt\/wp-json\/wp\/v2\/comments?post=4891"}],"version-history":[{"count":198,"href":"https:\/\/interdesign.com.pt\/pt\/wp-json\/wp\/v2\/pages\/4891\/revisions"}],"predecessor-version":[{"id":76996,"href":"https:\/\/interdesign.com.pt\/pt\/wp-json\/wp\/v2\/pages\/4891\/revisions\/76996"}],"wp:featuredmedia":[{"embeddable":true,"href":"https:\/\/interdesign.com.pt\/pt\/wp-json\/wp\/v2\/media\/2244"}],"wp:attachment":[{"href":"https:\/\/interdesign.com.pt\/pt\/wp-json\/wp\/v2\/media?parent=4891"}],"curies":[{"name":"wp","href":"https:\/\/api.w.org\/{rel}","templated":true}]}}