{"id":935,"date":"2025-04-02T14:28:30","date_gmt":"2025-04-02T14:28:30","guid":{"rendered":"https:\/\/interdesign.ad-pulse.com\/?page_id=935"},"modified":"2026-04-13T14:52:51","modified_gmt":"2026-04-13T14:52:51","slug":"a-nossa-historia","status":"publish","type":"page","link":"https:\/\/interdesign.com.pt\/pt\/a-nossa-historia\/","title":{"rendered":"A Nossa Hist\u00f3ria"},"content":{"rendered":"<div data-elementor-type=\"wp-page\" data-elementor-id=\"935\" class=\"elementor elementor-935\" data-elementor-post-type=\"page\">\n\t\t\t\t<div class=\"elementor-element elementor-element-2659626 e-flex e-con-boxed e-con e-parent\" data-id=\"2659626\" data-element_type=\"container\" data-e-type=\"container\">\n\t\t\t\t\t<div class=\"e-con-inner\">\n\t\t\t\t<div class=\"elementor-element elementor-element-24088d11 elementor-widget elementor-widget-heading\" data-id=\"24088d11\" data-element_type=\"widget\" data-e-type=\"widget\" data-widget_type=\"heading.default\">\n\t\t\t\t<div class=\"elementor-widget-container\">\n\t\t\t\t\t<h1 class=\"elementor-heading-title elementor-size-default\">A Nossa Hist\u00f3ria<\/h1>\t\t\t\t<\/div>\n\t\t\t\t<\/div>\n\t\t\t\t<div class=\"elementor-element elementor-element-7203d4ea elementor-widget__width-initial elementor-widget-mobile__width-inherit elementor-widget elementor-widget-text-editor\" data-id=\"7203d4ea\" data-element_type=\"widget\" data-e-type=\"widget\" data-widget_type=\"text-editor.default\">\n\t\t\t\t<div class=\"elementor-widget-container\">\n\t\t\t\t\t\t\t\t\t<p>Em todas as hist\u00f3rias, sejam elas mais felizes ou menos, h\u00e1 algo de m\u00e1gico no seu come\u00e7o. Umas come\u00e7am de um sonho, outras de uma coincid\u00eancia, outras at\u00e9 de uma adversidade, mas quando nos leva ao caminho da felicidade h\u00e1 sempre uma nostalgia impl\u00edcita \u00e0 narrativa do \u201ccomo tudo come\u00e7ou\u201d.<\/p>\t\t\t\t\t\t\t\t<\/div>\n\t\t\t\t<\/div>\n\t\t\t\t\t<\/div>\n\t\t\t\t<\/div>\n\t\t<div class=\"elementor-element elementor-element-2c259767 e-con-full e-flex e-con e-parent\" data-id=\"2c259767\" data-element_type=\"container\" data-e-type=\"container\">\n\t\t<div class=\"elementor-element elementor-element-123136db e-con-full e-flex e-con e-child\" data-id=\"123136db\" data-element_type=\"container\" data-e-type=\"container\">\n\t\t\t\t<div class=\"elementor-element elementor-element-0588d90 elementor-widget elementor-widget-video\" data-id=\"0588d90\" data-element_type=\"widget\" data-e-type=\"widget\" data-settings=\"{&quot;video_type&quot;:&quot;vimeo&quot;,&quot;mute&quot;:&quot;yes&quot;,&quot;loop&quot;:&quot;yes&quot;,&quot;start&quot;:0}\" data-widget_type=\"video.default\">\n\t\t\t\t<div class=\"elementor-widget-container\">\n\t\t\t\t\t\t\t<div class=\"elementor-wrapper elementor-open-inline\">\n\t\t\t<iframe class=\"elementor-video-iframe\" allowfullscreen allow=\"clipboard-write\" title=\"Reprodutor de v\u00eddeo de vimeo\" src=\"https:\/\/player.vimeo.com\/video\/1103570998?color&amp;autopause=0&amp;loop=1&amp;muted=1&amp;title=0&amp;portrait=0&amp;byline=0#t=\" data-no-translation-title=\"\"><\/iframe>\t\t<\/div>\n\t\t\t\t\t\t<\/div>\n\t\t\t\t<\/div>\n\t\t\t\t<\/div>\n\t\t\t\t<\/div>\n\t\t<div class=\"elementor-element elementor-element-77d24c15 e-flex e-con-boxed e-con e-parent\" data-id=\"77d24c15\" data-element_type=\"container\" data-e-type=\"container\">\n\t\t\t\t\t<div class=\"e-con-inner\">\n\t\t<div class=\"elementor-element elementor-element-4e3e99cd e-con-full e-flex e-con e-child\" data-id=\"4e3e99cd\" data-element_type=\"container\" data-e-type=\"container\">\n\t\t\t\t<div class=\"elementor-element elementor-element-8634042 elementor-widget elementor-widget-image\" data-id=\"8634042\" data-element_type=\"widget\" data-e-type=\"widget\" data-widget_type=\"image.default\">\n\t\t\t\t<div class=\"elementor-widget-container\">\n\t\t\t\t\t\t\t\t\t\t\t\t\t\t\t<img fetchpriority=\"high\" decoding=\"async\" width=\"800\" height=\"534\" src=\"https:\/\/interdesign.com.pt\/wp-content\/uploads\/2025\/04\/img-5-1024x683.jpg\" class=\"attachment-large size-large wp-image-955 wvs-archive-product-image\" alt=\"Our History | Interdesign\" srcset=\"https:\/\/interdesign.com.pt\/wp-content\/uploads\/2025\/04\/img-5-1024x683.jpg 1024w, https:\/\/interdesign.com.pt\/wp-content\/uploads\/2025\/04\/img-5-300x200.jpg 300w, https:\/\/interdesign.com.pt\/wp-content\/uploads\/2025\/04\/img-5-1000x667.jpg 1000w, https:\/\/interdesign.com.pt\/wp-content\/uploads\/2025\/04\/img-5-768x512.jpg 768w, https:\/\/interdesign.com.pt\/wp-content\/uploads\/2025\/04\/img-5-1536x1025.jpg 1536w, https:\/\/interdesign.com.pt\/wp-content\/uploads\/2025\/04\/img-5.jpg 1920w\" sizes=\"(max-width: 800px) 100vw, 800px\" \/>\t\t\t\t\t\t\t\t\t\t\t\t\t\t\t<\/div>\n\t\t\t\t<\/div>\n\t\t\t\t<\/div>\n\t\t<div class=\"elementor-element elementor-element-41d40cac e-con-full e-flex e-con e-child\" data-id=\"41d40cac\" data-element_type=\"container\" data-e-type=\"container\">\n\t\t<div class=\"elementor-element elementor-element-d2b771c e-con-full e-flex e-con e-child\" data-id=\"d2b771c\" data-element_type=\"container\" data-e-type=\"container\">\n\t\t\t\t<div class=\"elementor-element elementor-element-be5bb79 elementor-widget elementor-widget-heading\" data-id=\"be5bb79\" data-element_type=\"widget\" data-e-type=\"widget\" data-widget_type=\"heading.default\">\n\t\t\t\t<div class=\"elementor-widget-container\">\n\t\t\t\t\t<p class=\"elementor-heading-title elementor-size-default\">Os fundadores por tr\u00e1s<\/p>\t\t\t\t<\/div>\n\t\t\t\t<\/div>\n\t\t\t\t<div class=\"elementor-element elementor-element-f015453 elementor-widget elementor-widget-heading\" data-id=\"f015453\" data-element_type=\"widget\" data-e-type=\"widget\" data-widget_type=\"heading.default\">\n\t\t\t\t<div class=\"elementor-widget-container\">\n\t\t\t\t\t<p class=\"elementor-heading-title elementor-size-default\">da vis\u00e3o<\/p>\t\t\t\t<\/div>\n\t\t\t\t<\/div>\n\t\t\t\t<\/div>\n\t\t\t\t<div class=\"elementor-element elementor-element-5e654c16 elementor-widget elementor-widget-text-editor\" data-id=\"5e654c16\" data-element_type=\"widget\" data-e-type=\"widget\" data-widget_type=\"text-editor.default\">\n\t\t\t\t<div class=\"elementor-widget-container\">\n\t\t\t\t\t\t\t\t\t<p>Chega a ser engra\u00e7ado quando a Carla, uma das CEO\u2019s da empresa relembra como juntamente com o H\u00e9lder e o Andr\u00e9 (tamb\u00e9m CEO\u2019s) come\u00e7aram esta grande fam\u00edlia. S\u00e3o eles o forte pilar que nos mant\u00e9m unidos e alinhados para fazermos grandes coisas.<\/p>\t\t\t\t\t\t\t\t<\/div>\n\t\t\t\t<\/div>\n\t\t\t\t<\/div>\n\t\t\t\t\t<\/div>\n\t\t\t\t<\/div>\n\t\t<div class=\"elementor-element elementor-element-6827683a e-flex e-con-boxed e-con e-parent\" data-id=\"6827683a\" data-element_type=\"container\" data-e-type=\"container\">\n\t\t\t\t\t<div class=\"e-con-inner\">\n\t\t<div class=\"elementor-element elementor-element-4e0ccdeb e-con-full e-flex e-con e-child\" data-id=\"4e0ccdeb\" data-element_type=\"container\" data-e-type=\"container\">\n\t\t<div class=\"elementor-element elementor-element-0b25222 e-con-full e-flex e-con e-child\" data-id=\"0b25222\" data-element_type=\"container\" data-e-type=\"container\">\n\t\t\t\t<div class=\"elementor-element elementor-element-24b5059 elementor-widget elementor-widget-heading\" data-id=\"24b5059\" data-element_type=\"widget\" data-e-type=\"widget\" data-widget_type=\"heading.default\">\n\t\t\t\t<div class=\"elementor-widget-container\">\n\t\t\t\t\t<p class=\"elementor-heading-title elementor-size-default\">As sementes de<\/p>\t\t\t\t<\/div>\n\t\t\t\t<\/div>\n\t\t\t\t<div class=\"elementor-element elementor-element-6f8c1e8 elementor-widget elementor-widget-heading\" data-id=\"6f8c1e8\" data-element_type=\"widget\" data-e-type=\"widget\" data-widget_type=\"heading.default\">\n\t\t\t\t<div class=\"elementor-widget-container\">\n\t\t\t\t\t<p class=\"elementor-heading-title elementor-size-default\">algo maior<\/p>\t\t\t\t<\/div>\n\t\t\t\t<\/div>\n\t\t\t\t<\/div>\n\t\t\t\t<div class=\"elementor-element elementor-element-c437f81 elementor-widget elementor-widget-text-editor\" data-id=\"c437f81\" data-element_type=\"widget\" data-e-type=\"widget\" data-widget_type=\"text-editor.default\">\n\t\t\t\t<div class=\"elementor-widget-container\">\n\t\t\t\t\t\t\t\t\t<p>H\u00e1 mais de 20 anos atr\u00e1s, eram eles que desenhavam, produziam e montavam os m\u00f3veis. Aos clientes, diziam que tinham uma grande equipa como background, quando na verdade a equipa se condicionava a eles mesmos, riem quando o dizem e em jeito envergonhado. Defendiam-se assim do que julgavam ser pequeno, quando no fundo davam in\u00edcio a este grande projecto chamado Interdesign.<\/p>\t\t\t\t\t\t\t\t<\/div>\n\t\t\t\t<\/div>\n\t\t\t\t<\/div>\n\t\t<div class=\"elementor-element elementor-element-874a5e3 e-con-full e-flex e-con e-child\" data-id=\"874a5e3\" data-element_type=\"container\" data-e-type=\"container\" data-settings=\"{&quot;background_video_link&quot;:&quot;https:\\\/\\\/vimeo.com\\\/1103569018&quot;,&quot;background_video_start&quot;:0,&quot;background_play_on_mobile&quot;:&quot;yes&quot;,&quot;background_privacy_mode&quot;:&quot;yes&quot;,&quot;background_background&quot;:&quot;video&quot;}\">\n\t\t<div class=\"elementor-background-video-container\">\n\t\t\t\t\t\t\t<div class=\"elementor-background-video-embed\" role=\"presentation\"><\/div>\n\t\t\t\t\t\t<\/div>\t\t<\/div>\n\t\t\t\t\t<\/div>\n\t\t\t\t<\/div>\n\t\t<div class=\"elementor-element elementor-element-1e855a46 e-flex e-con-boxed e-con e-parent\" data-id=\"1e855a46\" data-element_type=\"container\" data-e-type=\"container\">\n\t\t\t\t\t<div class=\"e-con-inner\">\n\t\t<div class=\"elementor-element elementor-element-55c2d0f6 e-con-full e-flex e-con e-child\" data-id=\"55c2d0f6\" data-element_type=\"container\" data-e-type=\"container\" data-settings=\"{&quot;background_background&quot;:&quot;video&quot;,&quot;background_video_link&quot;:&quot;https:\\\/\\\/vimeo.com\\\/1103569890&quot;,&quot;background_video_start&quot;:0,&quot;background_play_on_mobile&quot;:&quot;yes&quot;}\">\n\t\t<div class=\"elementor-background-video-container\">\n\t\t\t\t\t\t\t<div class=\"elementor-background-video-embed\" role=\"presentation\"><\/div>\n\t\t\t\t\t\t<\/div>\t\t<\/div>\n\t\t<div class=\"elementor-element elementor-element-104bdc5d e-con-full e-flex e-con e-child\" data-id=\"104bdc5d\" data-element_type=\"container\" data-e-type=\"container\">\n\t\t<div class=\"elementor-element elementor-element-a24ff04 e-con-full e-flex e-con e-child\" data-id=\"a24ff04\" data-element_type=\"container\" data-e-type=\"container\">\n\t\t\t\t<div class=\"elementor-element elementor-element-0157273 elementor-widget elementor-widget-heading\" data-id=\"0157273\" data-element_type=\"widget\" data-e-type=\"widget\" data-widget_type=\"heading.default\">\n\t\t\t\t<div class=\"elementor-widget-container\">\n\t\t\t\t\t<p class=\"elementor-heading-title elementor-size-default\">Uma fam\u00edlia em crescimento,<\/p>\t\t\t\t<\/div>\n\t\t\t\t<\/div>\n\t\t\t\t<div class=\"elementor-element elementor-element-0cca115 elementor-widget elementor-widget-heading\" data-id=\"0cca115\" data-element_type=\"widget\" data-e-type=\"widget\" data-widget_type=\"heading.default\">\n\t\t\t\t<div class=\"elementor-widget-container\">\n\t\t\t\t\t<p class=\"elementor-heading-title elementor-size-default\">uma vis\u00e3o global<\/p>\t\t\t\t<\/div>\n\t\t\t\t<\/div>\n\t\t\t\t<\/div>\n\t\t\t\t<div class=\"elementor-element elementor-element-47a8cefa elementor-widget elementor-widget-text-editor\" data-id=\"47a8cefa\" data-element_type=\"widget\" data-e-type=\"widget\" data-widget_type=\"text-editor.default\">\n\t\t\t\t<div class=\"elementor-widget-container\">\n\t\t\t\t\t\t\t\t\t<p>Hoje, lojas espalhadas de norte a sul de Portugal. A fam\u00edlia cresceu de 3 para quase meio milhar. Iniciamos a internacionaliza\u00e7\u00e3o no final dos anos 2000, e continuamos a dar cartas naquilo que sabemos fazer melhor, criar tend\u00eancias.<\/p><p>E em dias em que tudo parece ter a mesma cor, batalhamos incessantemente para que a Interdesign seja sempre mais. Mais novidade, mais efici\u00eancia, mais qualidade. Mais de n\u00f3s e um bocadinho de si.<\/p><p>\u00c9 nos sorrisos e na realiza\u00e7\u00e3o de sonhos que encontramos a nossa for\u00e7a.<\/p>\t\t\t\t\t\t\t\t<\/div>\n\t\t\t\t<\/div>\n\t\t\t\t<\/div>\n\t\t\t\t\t<\/div>\n\t\t\t\t<\/div>\n\t\t<div class=\"elementor-element elementor-element-361e88e3 e-flex e-con-boxed e-con e-parent\" data-id=\"361e88e3\" data-element_type=\"container\" data-e-type=\"container\">\n\t\t\t\t\t<div class=\"e-con-inner\">\n\t\t<div class=\"elementor-element elementor-element-2a328db7 e-con-full e-flex e-con e-child\" data-id=\"2a328db7\" data-element_type=\"container\" data-e-type=\"container\">\n\t\t<div class=\"elementor-element elementor-element-36ef185 e-con-full e-flex e-con e-child\" data-id=\"36ef185\" data-element_type=\"container\" data-e-type=\"container\">\n\t\t\t\t<div class=\"elementor-element elementor-element-d140229 elementor-widget elementor-widget-heading\" data-id=\"d140229\" data-element_type=\"widget\" data-e-type=\"widget\" data-widget_type=\"heading.default\">\n\t\t\t\t<div class=\"elementor-widget-container\">\n\t\t\t\t\t<p class=\"elementor-heading-title elementor-size-default\">Uma Fam\u00edlia<\/p>\t\t\t\t<\/div>\n\t\t\t\t<\/div>\n\t\t\t\t<div class=\"elementor-element elementor-element-ac09ed1 elementor-widget elementor-widget-heading\" data-id=\"ac09ed1\" data-element_type=\"widget\" data-e-type=\"widget\" data-widget_type=\"heading.default\">\n\t\t\t\t<div class=\"elementor-widget-container\">\n\t\t\t\t\t<p class=\"elementor-heading-title elementor-size-default\">sem rosto<\/p>\t\t\t\t<\/div>\n\t\t\t\t<\/div>\n\t\t\t\t<\/div>\n\t\t\t\t<div class=\"elementor-element elementor-element-7f0f4824 elementor-widget elementor-widget-text-editor\" data-id=\"7f0f4824\" data-element_type=\"widget\" data-e-type=\"widget\" data-widget_type=\"text-editor.default\">\n\t\t\t\t<div class=\"elementor-widget-container\">\n\t\t\t\t\t\t\t\t\t<p>Em jeito de finaliza\u00e7\u00e3o e quando abordados sobre a quest\u00e3o de dar rosto \u00e0 Interdesign, cravaram a inten\u00e7\u00e3o de manter a fam\u00edlia unida, sem caras representativas que menorizasse o trabalho dos an\u00f3nimos. Gostamos da resposta!<\/p><p>Somos isto.<\/p><p><strong>Somos Interdesign.<\/strong><\/p><p>Ame a sua casa<\/p>\t\t\t\t\t\t\t\t<\/div>\n\t\t\t\t<\/div>\n\t\t\t\t<\/div>\n\t\t<div class=\"elementor-element elementor-element-580a43ab e-con-full e-flex e-con e-child\" data-id=\"580a43ab\" data-element_type=\"container\" data-e-type=\"container\" data-settings=\"{&quot;background_video_link&quot;:&quot;https:\\\/\\\/vimeo.com\\\/1103569039&quot;,&quot;background_play_on_mobile&quot;:&quot;yes&quot;,&quot;background_background&quot;:&quot;video&quot;}\">\n\t\t<div class=\"elementor-background-video-container\">\n\t\t\t\t\t\t\t<div class=\"elementor-background-video-embed\" role=\"presentation\"><\/div>\n\t\t\t\t\t\t<\/div>\t\t<\/div>\n\t\t\t\t\t<\/div>\n\t\t\t\t<\/div>\n\t\t\t\t<\/div>","protected":false},"excerpt":{"rendered":"<p>Our History In every story \u2014 whether happy or not \u2014 there\u2019s something magical about the beginning. Some start with a dream, others by coincidence, others even by adversity. But when they lead to happiness, there\u2019s always a nostalgic charm in the narrative of \u201chow it all began.\u201d https:\/\/vimeo.com\/1103570998 The founders behind the vision It\u2019s [&hellip;]<\/p>","protected":false},"author":1,"featured_media":955,"parent":0,"menu_order":0,"comment_status":"closed","ping_status":"closed","template":"","meta":{"_acf_changed":false,"footnotes":""},"class_list":["post-935","page","type-page","status-publish","has-post-thumbnail","hentry"],"acf":[],"yoast_head":"<!-- This site is optimized with the Yoast SEO plugin v27.3 - https:\/\/yoast.com\/product\/yoast-seo-wordpress\/ -->\n<title>Our History - Interdesign<\/title>\n<meta name=\"description\" content=\"In every story, whether happy or not, there is something magical in its beginning. We are Interdesign. Love your home.\" \/>\n<meta name=\"robots\" content=\"index, follow, max-snippet:-1, max-image-preview:large, max-video-preview:-1\" \/>\n<link rel=\"canonical\" href=\"https:\/\/interdesign.com.pt\/pt\/a-nossa-historia\/\" \/>\n<meta property=\"og:locale\" content=\"pt_PT\" \/>\n<meta property=\"og:type\" content=\"article\" \/>\n<meta property=\"og:title\" content=\"Our History - Interdesign\" \/>\n<meta property=\"og:description\" content=\"In every story, whether happy or not, there is something magical in its beginning. We are Interdesign. Love your home.\" \/>\n<meta property=\"og:url\" content=\"https:\/\/interdesign.com.pt\/pt\/a-nossa-historia\/\" \/>\n<meta property=\"og:site_name\" content=\"Interdesign\" \/>\n<meta property=\"article:modified_time\" content=\"2026-04-13T14:52:51+00:00\" \/>\n<meta property=\"og:image\" content=\"https:\/\/interdesign.com.pt\/wp-content\/uploads\/2025\/04\/img-5.jpg\" \/>\n\t<meta property=\"og:image:width\" content=\"1920\" \/>\n\t<meta property=\"og:image:height\" content=\"1281\" \/>\n\t<meta property=\"og:image:type\" content=\"image\/jpeg\" \/>\n<meta name=\"twitter:card\" content=\"summary_large_image\" \/>\n<meta name=\"twitter:title\" content=\"Our History - Interdesign\" \/>\n<meta name=\"twitter:description\" content=\"In every story, whether happy or not, there is something magical in its beginning. We are Interdesign. Love your home.\" \/>\n<meta name=\"twitter:image\" content=\"https:\/\/interdesign.com.pt\/wp-content\/uploads\/2025\/04\/img-5.jpg\" \/>\n<meta name=\"twitter:label1\" content=\"Tempo estimado de leitura\" \/>\n\t<meta name=\"twitter:data1\" content=\"2 minutos\" \/>\n<script type=\"application\/ld+json\" class=\"yoast-schema-graph\">{\"@context\":\"https:\\\/\\\/schema.org\",\"@graph\":[{\"@type\":\"WebPage\",\"@id\":\"https:\\\/\\\/interdesign.com.pt\\\/pt\\\/a-nossa-historia\\\/\",\"url\":\"https:\\\/\\\/interdesign.com.pt\\\/pt\\\/a-nossa-historia\\\/\",\"name\":\"Our History - Interdesign\",\"isPartOf\":{\"@id\":\"https:\\\/\\\/interdesign.com.pt\\\/pt\\\/#website\"},\"primaryImageOfPage\":{\"@id\":\"https:\\\/\\\/interdesign.com.pt\\\/pt\\\/a-nossa-historia\\\/#primaryimage\"},\"image\":{\"@id\":\"https:\\\/\\\/interdesign.com.pt\\\/pt\\\/a-nossa-historia\\\/#primaryimage\"},\"thumbnailUrl\":\"https:\\\/\\\/interdesign.com.pt\\\/wp-content\\\/uploads\\\/2025\\\/04\\\/img-5.jpg\",\"datePublished\":\"2025-04-02T14:28:30+00:00\",\"dateModified\":\"2026-04-13T14:52:51+00:00\",\"description\":\"In every story, whether happy or not, there is something magical in its beginning. We are Interdesign. Love your home.\",\"breadcrumb\":{\"@id\":\"https:\\\/\\\/interdesign.com.pt\\\/pt\\\/a-nossa-historia\\\/#breadcrumb\"},\"inLanguage\":\"pt-PT\",\"potentialAction\":[{\"@type\":\"ReadAction\",\"target\":[\"https:\\\/\\\/interdesign.com.pt\\\/pt\\\/a-nossa-historia\\\/\"]}]},{\"@type\":\"ImageObject\",\"inLanguage\":\"pt-PT\",\"@id\":\"https:\\\/\\\/interdesign.com.pt\\\/pt\\\/a-nossa-historia\\\/#primaryimage\",\"url\":\"https:\\\/\\\/interdesign.com.pt\\\/wp-content\\\/uploads\\\/2025\\\/04\\\/img-5.jpg\",\"contentUrl\":\"https:\\\/\\\/interdesign.com.pt\\\/wp-content\\\/uploads\\\/2025\\\/04\\\/img-5.jpg\",\"width\":1920,\"height\":1281,\"caption\":\"Our History | Interdesign\"},{\"@type\":\"BreadcrumbList\",\"@id\":\"https:\\\/\\\/interdesign.com.pt\\\/pt\\\/a-nossa-historia\\\/#breadcrumb\",\"itemListElement\":[{\"@type\":\"ListItem\",\"position\":1,\"name\":\"Home\",\"item\":\"https:\\\/\\\/interdesign.com.pt\\\/\"},{\"@type\":\"ListItem\",\"position\":2,\"name\":\"Our History\"}]},{\"@type\":\"WebSite\",\"@id\":\"https:\\\/\\\/interdesign.com.pt\\\/pt\\\/#website\",\"url\":\"https:\\\/\\\/interdesign.com.pt\\\/pt\\\/\",\"name\":\"Interdesign\",\"description\":\"Mobili\u00e1rio, Interiores &amp; Decora\u00e7\u00e3o\",\"publisher\":{\"@id\":\"https:\\\/\\\/interdesign.com.pt\\\/pt\\\/#organization\"},\"potentialAction\":[{\"@type\":\"SearchAction\",\"target\":{\"@type\":\"EntryPoint\",\"urlTemplate\":\"https:\\\/\\\/interdesign.com.pt\\\/pt\\\/?s={search_term_string}\"},\"query-input\":{\"@type\":\"PropertyValueSpecification\",\"valueRequired\":true,\"valueName\":\"search_term_string\"}}],\"inLanguage\":\"pt-PT\"},{\"@type\":\"Organization\",\"@id\":\"https:\\\/\\\/interdesign.com.pt\\\/pt\\\/#organization\",\"name\":\"Interdesign\",\"url\":\"https:\\\/\\\/interdesign.com.pt\\\/pt\\\/\",\"logo\":{\"@type\":\"ImageObject\",\"inLanguage\":\"pt-PT\",\"@id\":\"https:\\\/\\\/interdesign.com.pt\\\/pt\\\/#\\\/schema\\\/logo\\\/image\\\/\",\"url\":\"https:\\\/\\\/interdesign.com.pt\\\/wp-content\\\/uploads\\\/2025\\\/03\\\/interdesign-logo.svg\",\"contentUrl\":\"https:\\\/\\\/interdesign.com.pt\\\/wp-content\\\/uploads\\\/2025\\\/03\\\/interdesign-logo.svg\",\"caption\":\"Interdesign\"},\"image\":{\"@id\":\"https:\\\/\\\/interdesign.com.pt\\\/pt\\\/#\\\/schema\\\/logo\\\/image\\\/\"}}]}<\/script>\n<!-- \/ Yoast SEO plugin. -->","yoast_head_json":{"title":"A Nossa Hist\u00f3ria - Interdesign","description":"Em todas as hist\u00f3rias, sejam elas felizes ou n\u00e3o, h\u00e1 algo de m\u00e1gico no seu in\u00edcio. N\u00f3s somos a Interdesign. Ame a sua casa.","robots":{"index":"index","follow":"follow","max-snippet":"max-snippet:-1","max-image-preview":"max-image-preview:large","max-video-preview":"max-video-preview:-1"},"canonical":"https:\/\/interdesign.com.pt\/pt\/a-nossa-historia\/","og_locale":"pt_PT","og_type":"article","og_title":"Our History - Interdesign","og_description":"In every story, whether happy or not, there is something magical in its beginning. We are Interdesign. Love your home.","og_url":"https:\/\/interdesign.com.pt\/pt\/a-nossa-historia\/","og_site_name":"Interdesign","article_modified_time":"2026-04-13T14:52:51+00:00","og_image":[{"width":1920,"height":1281,"url":"https:\/\/interdesign.com.pt\/wp-content\/uploads\/2025\/04\/img-5.jpg","type":"image\/jpeg"}],"twitter_card":"summary_large_image","twitter_title":"Our History - Interdesign","twitter_description":"In every story, whether happy or not, there is something magical in its beginning. We are Interdesign. Love your home.","twitter_image":"https:\/\/interdesign.com.pt\/wp-content\/uploads\/2025\/04\/img-5.jpg","twitter_misc":{"Tempo estimado de leitura":"2 minutos"},"schema":{"@context":"https:\/\/schema.org","@graph":[{"@type":"WebPage","@id":"https:\/\/interdesign.com.pt\/pt\/a-nossa-historia\/","url":"https:\/\/interdesign.com.pt\/pt\/a-nossa-historia\/","name":"A Nossa Hist\u00f3ria - Interdesign","isPartOf":{"@id":"https:\/\/interdesign.com.pt\/pt\/#website"},"primaryImageOfPage":{"@id":"https:\/\/interdesign.com.pt\/pt\/a-nossa-historia\/#primaryimage"},"image":{"@id":"https:\/\/interdesign.com.pt\/pt\/a-nossa-historia\/#primaryimage"},"thumbnailUrl":"https:\/\/interdesign.com.pt\/wp-content\/uploads\/2025\/04\/img-5.jpg","datePublished":"2025-04-02T14:28:30+00:00","dateModified":"2026-04-13T14:52:51+00:00","description":"Em todas as hist\u00f3rias, sejam elas felizes ou n\u00e3o, h\u00e1 algo de m\u00e1gico no seu in\u00edcio. N\u00f3s somos a Interdesign. Ame a sua casa.","breadcrumb":{"@id":"https:\/\/interdesign.com.pt\/pt\/a-nossa-historia\/#breadcrumb"},"inLanguage":"pt-PT","potentialAction":[{"@type":"ReadAction","target":["https:\/\/interdesign.com.pt\/pt\/a-nossa-historia\/"]}]},{"@type":"ImageObject","inLanguage":"pt-PT","@id":"https:\/\/interdesign.com.pt\/pt\/a-nossa-historia\/#primaryimage","url":"https:\/\/interdesign.com.pt\/wp-content\/uploads\/2025\/04\/img-5.jpg","contentUrl":"https:\/\/interdesign.com.pt\/wp-content\/uploads\/2025\/04\/img-5.jpg","width":1920,"height":1281,"caption":"Our History | Interdesign"},{"@type":"BreadcrumbList","@id":"https:\/\/interdesign.com.pt\/pt\/a-nossa-historia\/#breadcrumb","itemListElement":[{"@type":"ListItem","position":1,"name":"Home","item":"https:\/\/interdesign.com.pt\/"},{"@type":"ListItem","position":2,"name":"Our History"}]},{"@type":"WebSite","@id":"https:\/\/interdesign.com.pt\/pt\/#website","url":"https:\/\/interdesign.com.pt\/pt\/","name":"Interdesign","description":"Mobili\u00e1rio, Interiores &amp; Decora\u00e7\u00e3o","publisher":{"@id":"https:\/\/interdesign.com.pt\/pt\/#organization"},"potentialAction":[{"@type":"SearchAction","target":{"@type":"EntryPoint","urlTemplate":"https:\/\/interdesign.com.pt\/pt\/?s={search_term_string}"},"query-input":{"@type":"PropertyValueSpecification","valueRequired":true,"valueName":"search_term_string"}}],"inLanguage":"pt-PT"},{"@type":"Organization","@id":"https:\/\/interdesign.com.pt\/pt\/#organization","name":"Interdesign","url":"https:\/\/interdesign.com.pt\/pt\/","logo":{"@type":"ImageObject","inLanguage":"pt-PT","@id":"https:\/\/interdesign.com.pt\/pt\/#\/schema\/logo\/image\/","url":"https:\/\/interdesign.com.pt\/wp-content\/uploads\/2025\/03\/interdesign-logo.svg","contentUrl":"https:\/\/interdesign.com.pt\/wp-content\/uploads\/2025\/03\/interdesign-logo.svg","caption":"Interdesign"},"image":{"@id":"https:\/\/interdesign.com.pt\/pt\/#\/schema\/logo\/image\/"}}]}},"_links":{"self":[{"href":"https:\/\/interdesign.com.pt\/pt\/wp-json\/wp\/v2\/pages\/935","targetHints":{"allow":["GET"]}}],"collection":[{"href":"https:\/\/interdesign.com.pt\/pt\/wp-json\/wp\/v2\/pages"}],"about":[{"href":"https:\/\/interdesign.com.pt\/pt\/wp-json\/wp\/v2\/types\/page"}],"author":[{"embeddable":true,"href":"https:\/\/interdesign.com.pt\/pt\/wp-json\/wp\/v2\/users\/1"}],"replies":[{"embeddable":true,"href":"https:\/\/interdesign.com.pt\/pt\/wp-json\/wp\/v2\/comments?post=935"}],"version-history":[{"count":217,"href":"https:\/\/interdesign.com.pt\/pt\/wp-json\/wp\/v2\/pages\/935\/revisions"}],"predecessor-version":[{"id":76764,"href":"https:\/\/interdesign.com.pt\/pt\/wp-json\/wp\/v2\/pages\/935\/revisions\/76764"}],"wp:featuredmedia":[{"embeddable":true,"href":"https:\/\/interdesign.com.pt\/pt\/wp-json\/wp\/v2\/media\/955"}],"wp:attachment":[{"href":"https:\/\/interdesign.com.pt\/pt\/wp-json\/wp\/v2\/media?parent=935"}],"curies":[{"name":"wp","href":"https:\/\/api.w.org\/{rel}","templated":true}]}}