{"id":13768,"date":"2025-11-14T18:00:06","date_gmt":"2025-11-14T18:00:06","guid":{"rendered":"https:\/\/interdesign.ad-pulse.com\/?post_type=product&#038;p=13768"},"modified":"2026-04-21T09:42:02","modified_gmt":"2026-04-21T09:42:02","slug":"consola-silk","status":"publish","type":"product","link":"https:\/\/interdesign.com.pt\/pt\/produto\/consola-silk\/","title":{"rendered":"Consola Silk"},"content":{"rendered":"<p>Lacado branco\/folheado. Detalhe inox.<\/p>","protected":false},"excerpt":{"rendered":"<p>Eleve o quotidiano com a Consola Silk. Esta pe\u00e7a foi concebida para casas modernas onde a forma se alia \u00e0 funcionalidade. Perfeita para expor pe\u00e7as decorativas, apoiar ilumina\u00e7\u00e3o e manter os essenciais organizados, integra-se facilmente em interiores contempor\u00e2neos, cl\u00e1ssicos ou ecl\u00e9ticos.<\/p>","protected":false},"featured_media":70377,"template":"","meta":{"_acf_changed":false},"room":[53],"product_brand":[268],"product_cat":[104],"product_tag":[],"class_list":{"0":"post-13768","1":"product","2":"type-product","3":"status-publish","4":"has-post-thumbnail","6":"room-hallway","7":"product_brand-silk","8":"product_cat-consoles","9":"product_shipping_class-standard","11":"first","12":"instock","13":"shipping-taxable","14":"purchasable","15":"product-type-variable","16":"wvs-archive-product-wrapper","17":"rtwpvg-product"},"acf":[],"yoast_head":"<!-- This site is optimized with the Yoast SEO plugin v27.3 - https:\/\/yoast.com\/product\/yoast-seo-wordpress\/ -->\n<title>Silk Console - Interdesign<\/title>\n<meta name=\"description\" content=\"Discover Interdesign\u2019s exclusive curated selection of furniture and design pieces at interdesign.com.pt. Crafted in Portugal with a focus on quality, comfort and timeless design.\" \/>\n<meta name=\"robots\" content=\"index, follow, max-snippet:-1, max-image-preview:large, max-video-preview:-1\" \/>\n<link rel=\"canonical\" href=\"https:\/\/interdesign.com.pt\/pt\/produto\/consola-silk\/\" \/>\n<meta property=\"og:locale\" content=\"pt_PT\" \/>\n<meta property=\"og:type\" content=\"article\" \/>\n<meta property=\"og:title\" content=\"Silk Console - Interdesign\" \/>\n<meta property=\"og:description\" content=\"Discover Interdesign\u2019s exclusive curated selection of furniture and design pieces at interdesign.com.pt. Crafted in Portugal with a focus on quality, comfort and timeless design.\" \/>\n<meta property=\"og:url\" content=\"https:\/\/interdesign.com.pt\/pt\/produto\/consola-silk\/\" \/>\n<meta property=\"og:site_name\" content=\"Interdesign\" \/>\n<meta property=\"article:modified_time\" content=\"2026-04-21T09:42:02+00:00\" \/>\n<meta property=\"og:image\" content=\"https:\/\/interdesign.com.pt\/wp-content\/uploads\/2025\/11\/CONSOLA-SILK-1.jpg\" \/>\n\t<meta property=\"og:image:width\" content=\"1280\" \/>\n\t<meta property=\"og:image:height\" content=\"1920\" \/>\n\t<meta property=\"og:image:type\" content=\"image\/jpeg\" \/>\n<meta name=\"twitter:card\" content=\"summary_large_image\" \/>\n<meta name=\"twitter:label1\" content=\"Tempo estimado de leitura\" \/>\n\t<meta name=\"twitter:data1\" content=\"1 minuto\" \/>\n<script type=\"application\/ld+json\" class=\"yoast-schema-graph\">{\"@context\":\"https:\\\/\\\/schema.org\",\"@graph\":[{\"@type\":\"WebPage\",\"@id\":\"https:\\\/\\\/interdesign.com.pt\\\/pt\\\/produto\\\/consola-silk\\\/\",\"url\":\"https:\\\/\\\/interdesign.com.pt\\\/pt\\\/produto\\\/consola-silk\\\/\",\"name\":\"Silk Console - Interdesign\",\"isPartOf\":{\"@id\":\"https:\\\/\\\/interdesign.com.pt\\\/pt\\\/#website\"},\"primaryImageOfPage\":{\"@id\":\"https:\\\/\\\/interdesign.com.pt\\\/pt\\\/produto\\\/consola-silk\\\/#primaryimage\"},\"image\":{\"@id\":\"https:\\\/\\\/interdesign.com.pt\\\/pt\\\/produto\\\/consola-silk\\\/#primaryimage\"},\"thumbnailUrl\":\"https:\\\/\\\/interdesign.com.pt\\\/wp-content\\\/uploads\\\/2025\\\/11\\\/CONSOLA-SILK-1.jpg\",\"datePublished\":\"2025-11-14T18:00:06+00:00\",\"dateModified\":\"2026-04-21T09:42:02+00:00\",\"description\":\"Discover Interdesign\u2019s exclusive curated selection of furniture and design pieces at interdesign.com.pt. Crafted in Portugal with a focus on quality, comfort and timeless design.\",\"breadcrumb\":{\"@id\":\"https:\\\/\\\/interdesign.com.pt\\\/pt\\\/produto\\\/consola-silk\\\/#breadcrumb\"},\"inLanguage\":\"pt-PT\",\"potentialAction\":[{\"@type\":\"ReadAction\",\"target\":[\"https:\\\/\\\/interdesign.com.pt\\\/pt\\\/produto\\\/consola-silk\\\/\"]}]},{\"@type\":\"ImageObject\",\"inLanguage\":\"pt-PT\",\"@id\":\"https:\\\/\\\/interdesign.com.pt\\\/pt\\\/produto\\\/consola-silk\\\/#primaryimage\",\"url\":\"https:\\\/\\\/interdesign.com.pt\\\/wp-content\\\/uploads\\\/2025\\\/11\\\/CONSOLA-SILK-1.jpg\",\"contentUrl\":\"https:\\\/\\\/interdesign.com.pt\\\/wp-content\\\/uploads\\\/2025\\\/11\\\/CONSOLA-SILK-1.jpg\",\"width\":1280,\"height\":1920,\"caption\":\"(projeto) em (local) do atelier de arquitetura (arquiteto) com fotografia de arquitetura Ivo Tavares Studio\"},{\"@type\":\"BreadcrumbList\",\"@id\":\"https:\\\/\\\/interdesign.com.pt\\\/pt\\\/produto\\\/consola-silk\\\/#breadcrumb\",\"itemListElement\":[{\"@type\":\"ListItem\",\"position\":1,\"name\":\"Home\",\"item\":\"https:\\\/\\\/interdesign.com.pt\\\/\"},{\"@type\":\"ListItem\",\"position\":2,\"name\":\"Shop\",\"item\":\"https:\\\/\\\/interdesign.com.pt\\\/pt\\\/loja\\\/\"},{\"@type\":\"ListItem\",\"position\":3,\"name\":\"Silk Console\"}]},{\"@type\":\"WebSite\",\"@id\":\"https:\\\/\\\/interdesign.com.pt\\\/pt\\\/#website\",\"url\":\"https:\\\/\\\/interdesign.com.pt\\\/pt\\\/\",\"name\":\"Interdesign\",\"description\":\"Mobili\u00e1rio, Interiores &amp; Decora\u00e7\u00e3o\",\"publisher\":{\"@id\":\"https:\\\/\\\/interdesign.com.pt\\\/pt\\\/#organization\"},\"potentialAction\":[{\"@type\":\"SearchAction\",\"target\":{\"@type\":\"EntryPoint\",\"urlTemplate\":\"https:\\\/\\\/interdesign.com.pt\\\/pt\\\/?s={search_term_string}\"},\"query-input\":{\"@type\":\"PropertyValueSpecification\",\"valueRequired\":true,\"valueName\":\"search_term_string\"}}],\"inLanguage\":\"pt-PT\"},{\"@type\":\"Organization\",\"@id\":\"https:\\\/\\\/interdesign.com.pt\\\/pt\\\/#organization\",\"name\":\"Interdesign\",\"url\":\"https:\\\/\\\/interdesign.com.pt\\\/pt\\\/\",\"logo\":{\"@type\":\"ImageObject\",\"inLanguage\":\"pt-PT\",\"@id\":\"https:\\\/\\\/interdesign.com.pt\\\/pt\\\/#\\\/schema\\\/logo\\\/image\\\/\",\"url\":\"https:\\\/\\\/interdesign.com.pt\\\/wp-content\\\/uploads\\\/2025\\\/03\\\/interdesign-logo.svg\",\"contentUrl\":\"https:\\\/\\\/interdesign.com.pt\\\/wp-content\\\/uploads\\\/2025\\\/03\\\/interdesign-logo.svg\",\"caption\":\"Interdesign\"},\"image\":{\"@id\":\"https:\\\/\\\/interdesign.com.pt\\\/pt\\\/#\\\/schema\\\/logo\\\/image\\\/\"}}]}<\/script>\n<!-- \/ Yoast SEO plugin. -->","yoast_head_json":{"title":"Silk Console - Interdesign","description":"Descubra a sele\u00e7\u00e3o exclusiva de mobili\u00e1rio e pe\u00e7as de design da Interdesign em interdesign.com.pt. Fabricados em Portugal com foco na qualidade, conforto e design intemporal.","robots":{"index":"index","follow":"follow","max-snippet":"max-snippet:-1","max-image-preview":"max-image-preview:large","max-video-preview":"max-video-preview:-1"},"canonical":"https:\/\/interdesign.com.pt\/pt\/produto\/consola-silk\/","og_locale":"pt_PT","og_type":"article","og_title":"Silk Console - Interdesign","og_description":"Discover Interdesign\u2019s exclusive curated selection of furniture and design pieces at interdesign.com.pt. Crafted in Portugal with a focus on quality, comfort and timeless design.","og_url":"https:\/\/interdesign.com.pt\/pt\/produto\/consola-silk\/","og_site_name":"Interdesign","article_modified_time":"2026-04-21T09:42:02+00:00","og_image":[{"width":1280,"height":1920,"url":"https:\/\/interdesign.com.pt\/wp-content\/uploads\/2025\/11\/CONSOLA-SILK-1.jpg","type":"image\/jpeg"}],"twitter_card":"summary_large_image","twitter_misc":{"Tempo estimado de leitura":"1 minuto"},"schema":{"@context":"https:\/\/schema.org","@graph":[{"@type":"WebPage","@id":"https:\/\/interdesign.com.pt\/pt\/produto\/consola-silk\/","url":"https:\/\/interdesign.com.pt\/pt\/produto\/consola-silk\/","name":"Silk Console - Interdesign","isPartOf":{"@id":"https:\/\/interdesign.com.pt\/pt\/#website"},"primaryImageOfPage":{"@id":"https:\/\/interdesign.com.pt\/pt\/produto\/consola-silk\/#primaryimage"},"image":{"@id":"https:\/\/interdesign.com.pt\/pt\/produto\/consola-silk\/#primaryimage"},"thumbnailUrl":"https:\/\/interdesign.com.pt\/wp-content\/uploads\/2025\/11\/CONSOLA-SILK-1.jpg","datePublished":"2025-11-14T18:00:06+00:00","dateModified":"2026-04-21T09:42:02+00:00","description":"Descubra a sele\u00e7\u00e3o exclusiva de mobili\u00e1rio e pe\u00e7as de design da Interdesign em interdesign.com.pt. Fabricados em Portugal com foco na qualidade, conforto e design intemporal.","breadcrumb":{"@id":"https:\/\/interdesign.com.pt\/pt\/produto\/consola-silk\/#breadcrumb"},"inLanguage":"pt-PT","potentialAction":[{"@type":"ReadAction","target":["https:\/\/interdesign.com.pt\/pt\/produto\/consola-silk\/"]}]},{"@type":"ImageObject","inLanguage":"pt-PT","@id":"https:\/\/interdesign.com.pt\/pt\/produto\/consola-silk\/#primaryimage","url":"https:\/\/interdesign.com.pt\/wp-content\/uploads\/2025\/11\/CONSOLA-SILK-1.jpg","contentUrl":"https:\/\/interdesign.com.pt\/wp-content\/uploads\/2025\/11\/CONSOLA-SILK-1.jpg","width":1280,"height":1920,"caption":"(projeto) em (local) do atelier de arquitetura (arquiteto) com fotografia de arquitetura Ivo Tavares Studio"},{"@type":"BreadcrumbList","@id":"https:\/\/interdesign.com.pt\/pt\/produto\/consola-silk\/#breadcrumb","itemListElement":[{"@type":"ListItem","position":1,"name":"Home","item":"https:\/\/interdesign.com.pt\/"},{"@type":"ListItem","position":2,"name":"Shop","item":"https:\/\/interdesign.com.pt\/pt\/loja\/"},{"@type":"ListItem","position":3,"name":"Silk Console"}]},{"@type":"WebSite","@id":"https:\/\/interdesign.com.pt\/pt\/#website","url":"https:\/\/interdesign.com.pt\/pt\/","name":"Interdesign","description":"Mobili\u00e1rio, Interiores &amp; Decora\u00e7\u00e3o","publisher":{"@id":"https:\/\/interdesign.com.pt\/pt\/#organization"},"potentialAction":[{"@type":"SearchAction","target":{"@type":"EntryPoint","urlTemplate":"https:\/\/interdesign.com.pt\/pt\/?s={search_term_string}"},"query-input":{"@type":"PropertyValueSpecification","valueRequired":true,"valueName":"search_term_string"}}],"inLanguage":"pt-PT"},{"@type":"Organization","@id":"https:\/\/interdesign.com.pt\/pt\/#organization","name":"Interdesign","url":"https:\/\/interdesign.com.pt\/pt\/","logo":{"@type":"ImageObject","inLanguage":"pt-PT","@id":"https:\/\/interdesign.com.pt\/pt\/#\/schema\/logo\/image\/","url":"https:\/\/interdesign.com.pt\/wp-content\/uploads\/2025\/03\/interdesign-logo.svg","contentUrl":"https:\/\/interdesign.com.pt\/wp-content\/uploads\/2025\/03\/interdesign-logo.svg","caption":"Interdesign"},"image":{"@id":"https:\/\/interdesign.com.pt\/pt\/#\/schema\/logo\/image\/"}}]}},"_links":{"self":[{"href":"https:\/\/interdesign.com.pt\/pt\/wp-json\/wp\/v2\/product\/13768","targetHints":{"allow":["GET"]}}],"collection":[{"href":"https:\/\/interdesign.com.pt\/pt\/wp-json\/wp\/v2\/product"}],"about":[{"href":"https:\/\/interdesign.com.pt\/pt\/wp-json\/wp\/v2\/types\/product"}],"wp:featuredmedia":[{"embeddable":true,"href":"https:\/\/interdesign.com.pt\/pt\/wp-json\/wp\/v2\/media\/70377"}],"wp:attachment":[{"href":"https:\/\/interdesign.com.pt\/pt\/wp-json\/wp\/v2\/media?parent=13768"}],"wp:term":[{"taxonomy":"room","embeddable":true,"href":"https:\/\/interdesign.com.pt\/pt\/wp-json\/wp\/v2\/room?post=13768"},{"taxonomy":"product_brand","embeddable":true,"href":"https:\/\/interdesign.com.pt\/pt\/wp-json\/wp\/v2\/product_brand?post=13768"},{"taxonomy":"product_cat","embeddable":true,"href":"https:\/\/interdesign.com.pt\/pt\/wp-json\/wp\/v2\/product_cat?post=13768"},{"taxonomy":"product_tag","embeddable":true,"href":"https:\/\/interdesign.com.pt\/pt\/wp-json\/wp\/v2\/product_tag?post=13768"}],"curies":[{"name":"wp","href":"https:\/\/api.w.org\/{rel}","templated":true}]}}