{"id":71570,"date":"2026-01-19T14:08:40","date_gmt":"2026-01-19T14:08:40","guid":{"rendered":"https:\/\/interdesign.ad-pulse.com\/produto\/mulholland-xl-109729-frame\/"},"modified":"2026-04-20T10:38:14","modified_gmt":"2026-04-20T10:38:14","slug":"moldura-dourada-mulholland-xl","status":"publish","type":"product","link":"https:\/\/interdesign.com.pt\/pt\/produto\/moldura-dourada-mulholland-xl\/","title":{"rendered":"Moldura Dourada MULHOLLAND XL"},"content":{"rendered":"","protected":false},"excerpt":{"rendered":"<p>D\u00ea destaque \u00e0s suas mem\u00f3rias com a Moldura MULHOLLAND XL Dourada da EICH, HOME. Com acabamentos que refletem qualidade no uso di\u00e1rio, \u00e9 um elemento decorativo sofisticado que valoriza qualquer composi\u00e7\u00e3o. Perfeita para salas, recantos de leitura ou entradas.<\/p>","protected":false},"featured_media":74082,"template":"","meta":{"_acf_changed":false},"room":[],"product_brand":[604,605],"product_cat":[41,961],"product_tag":[],"class_list":{"0":"post-71570","1":"product","2":"type-product","3":"status-publish","4":"has-post-thumbnail","6":"product_brand-eich","7":"product_brand-home","8":"product_cat-decor","9":"product_cat-picture-frames","10":"product_shipping_class-home-products","12":"first","13":"instock","14":"shipping-taxable","15":"purchasable","16":"product-type-simple"},"acf":[],"yoast_head":"<!-- This site is optimized with the Yoast SEO plugin v27.3 - https:\/\/yoast.com\/product\/yoast-seo-wordpress\/ -->\n<title>MULHOLLAND XL Gold Frame - Interdesign<\/title>\n<meta name=\"description\" content=\"Discover Interdesign\u2019s exclusive curated selection of furniture and design pieces at interdesign.com.pt. Crafted in Portugal with a focus on quality, comfort and timeless design.\" \/>\n<meta name=\"robots\" content=\"index, follow, max-snippet:-1, max-image-preview:large, max-video-preview:-1\" \/>\n<link rel=\"canonical\" href=\"https:\/\/interdesign.com.pt\/pt\/produto\/moldura-dourada-mulholland-xl\/\" \/>\n<meta property=\"og:locale\" content=\"pt_PT\" \/>\n<meta property=\"og:type\" content=\"article\" \/>\n<meta property=\"og:title\" content=\"MULHOLLAND XL Gold Frame - Interdesign\" \/>\n<meta property=\"og:description\" content=\"Discover Interdesign\u2019s exclusive curated selection of furniture and design pieces at interdesign.com.pt. Crafted in Portugal with a focus on quality, comfort and timeless design.\" \/>\n<meta property=\"og:url\" content=\"https:\/\/interdesign.com.pt\/pt\/produto\/moldura-dourada-mulholland-xl\/\" \/>\n<meta property=\"og:site_name\" content=\"Interdesign\" \/>\n<meta property=\"article:modified_time\" content=\"2026-04-20T10:38:14+00:00\" \/>\n<meta property=\"og:image\" content=\"https:\/\/interdesign.com.pt\/wp-content\/uploads\/2026\/01\/EICHDEC044.jpg\" \/>\n\t<meta property=\"og:image:width\" content=\"823\" \/>\n\t<meta property=\"og:image:height\" content=\"824\" \/>\n\t<meta property=\"og:image:type\" content=\"image\/jpeg\" \/>\n<meta name=\"twitter:card\" content=\"summary_large_image\" \/>\n<script type=\"application\/ld+json\" class=\"yoast-schema-graph\">{\"@context\":\"https:\\\/\\\/schema.org\",\"@graph\":[{\"@type\":\"WebPage\",\"@id\":\"https:\\\/\\\/interdesign.com.pt\\\/pt\\\/produto\\\/moldura-dourada-mulholland-xl\\\/\",\"url\":\"https:\\\/\\\/interdesign.com.pt\\\/pt\\\/produto\\\/moldura-dourada-mulholland-xl\\\/\",\"name\":\"MULHOLLAND XL Gold Frame - Interdesign\",\"isPartOf\":{\"@id\":\"https:\\\/\\\/interdesign.com.pt\\\/pt\\\/#website\"},\"primaryImageOfPage\":{\"@id\":\"https:\\\/\\\/interdesign.com.pt\\\/pt\\\/produto\\\/moldura-dourada-mulholland-xl\\\/#primaryimage\"},\"image\":{\"@id\":\"https:\\\/\\\/interdesign.com.pt\\\/pt\\\/produto\\\/moldura-dourada-mulholland-xl\\\/#primaryimage\"},\"thumbnailUrl\":\"https:\\\/\\\/interdesign.com.pt\\\/wp-content\\\/uploads\\\/2026\\\/01\\\/EICHDEC044.jpg\",\"datePublished\":\"2026-01-19T14:08:40+00:00\",\"dateModified\":\"2026-04-20T10:38:14+00:00\",\"description\":\"Discover Interdesign\u2019s exclusive curated selection of furniture and design pieces at interdesign.com.pt. Crafted in Portugal with a focus on quality, comfort and timeless design.\",\"breadcrumb\":{\"@id\":\"https:\\\/\\\/interdesign.com.pt\\\/pt\\\/produto\\\/moldura-dourada-mulholland-xl\\\/#breadcrumb\"},\"inLanguage\":\"pt-PT\",\"potentialAction\":[{\"@type\":\"ReadAction\",\"target\":[\"https:\\\/\\\/interdesign.com.pt\\\/pt\\\/produto\\\/moldura-dourada-mulholland-xl\\\/\"]}]},{\"@type\":\"ImageObject\",\"inLanguage\":\"pt-PT\",\"@id\":\"https:\\\/\\\/interdesign.com.pt\\\/pt\\\/produto\\\/moldura-dourada-mulholland-xl\\\/#primaryimage\",\"url\":\"https:\\\/\\\/interdesign.com.pt\\\/wp-content\\\/uploads\\\/2026\\\/01\\\/EICHDEC044.jpg\",\"contentUrl\":\"https:\\\/\\\/interdesign.com.pt\\\/wp-content\\\/uploads\\\/2026\\\/01\\\/EICHDEC044.jpg\",\"width\":823,\"height\":824,\"caption\":\"MULHOLLAND XL Gold Frame | Interdesign\"},{\"@type\":\"BreadcrumbList\",\"@id\":\"https:\\\/\\\/interdesign.com.pt\\\/pt\\\/produto\\\/moldura-dourada-mulholland-xl\\\/#breadcrumb\",\"itemListElement\":[{\"@type\":\"ListItem\",\"position\":1,\"name\":\"Home\",\"item\":\"https:\\\/\\\/interdesign.com.pt\\\/\"},{\"@type\":\"ListItem\",\"position\":2,\"name\":\"Shop\",\"item\":\"https:\\\/\\\/interdesign.com.pt\\\/pt\\\/loja\\\/\"},{\"@type\":\"ListItem\",\"position\":3,\"name\":\"MULHOLLAND XL Gold Frame\"}]},{\"@type\":\"WebSite\",\"@id\":\"https:\\\/\\\/interdesign.com.pt\\\/pt\\\/#website\",\"url\":\"https:\\\/\\\/interdesign.com.pt\\\/pt\\\/\",\"name\":\"Interdesign\",\"description\":\"Mobili\u00e1rio, Interiores &amp; Decora\u00e7\u00e3o\",\"publisher\":{\"@id\":\"https:\\\/\\\/interdesign.com.pt\\\/pt\\\/#organization\"},\"potentialAction\":[{\"@type\":\"SearchAction\",\"target\":{\"@type\":\"EntryPoint\",\"urlTemplate\":\"https:\\\/\\\/interdesign.com.pt\\\/pt\\\/?s={search_term_string}\"},\"query-input\":{\"@type\":\"PropertyValueSpecification\",\"valueRequired\":true,\"valueName\":\"search_term_string\"}}],\"inLanguage\":\"pt-PT\"},{\"@type\":\"Organization\",\"@id\":\"https:\\\/\\\/interdesign.com.pt\\\/pt\\\/#organization\",\"name\":\"Interdesign\",\"url\":\"https:\\\/\\\/interdesign.com.pt\\\/pt\\\/\",\"logo\":{\"@type\":\"ImageObject\",\"inLanguage\":\"pt-PT\",\"@id\":\"https:\\\/\\\/interdesign.com.pt\\\/pt\\\/#\\\/schema\\\/logo\\\/image\\\/\",\"url\":\"https:\\\/\\\/interdesign.com.pt\\\/wp-content\\\/uploads\\\/2025\\\/03\\\/interdesign-logo.svg\",\"contentUrl\":\"https:\\\/\\\/interdesign.com.pt\\\/wp-content\\\/uploads\\\/2025\\\/03\\\/interdesign-logo.svg\",\"caption\":\"Interdesign\"},\"image\":{\"@id\":\"https:\\\/\\\/interdesign.com.pt\\\/pt\\\/#\\\/schema\\\/logo\\\/image\\\/\"}}]}<\/script>\n<!-- \/ Yoast SEO plugin. -->","yoast_head_json":{"title":"Moldura Dourada MULHOLLAND XL - Interdesign","description":"Descubra a sele\u00e7\u00e3o exclusiva de mobili\u00e1rio e pe\u00e7as de design da Interdesign em interdesign.com.pt. Fabricados em Portugal com foco na qualidade, conforto e design intemporal.","robots":{"index":"index","follow":"follow","max-snippet":"max-snippet:-1","max-image-preview":"max-image-preview:large","max-video-preview":"max-video-preview:-1"},"canonical":"https:\/\/interdesign.com.pt\/pt\/produto\/moldura-dourada-mulholland-xl\/","og_locale":"pt_PT","og_type":"article","og_title":"MULHOLLAND XL Gold Frame - Interdesign","og_description":"Discover Interdesign\u2019s exclusive curated selection of furniture and design pieces at interdesign.com.pt. Crafted in Portugal with a focus on quality, comfort and timeless design.","og_url":"https:\/\/interdesign.com.pt\/pt\/produto\/moldura-dourada-mulholland-xl\/","og_site_name":"Interdesign","article_modified_time":"2026-04-20T10:38:14+00:00","og_image":[{"width":823,"height":824,"url":"https:\/\/interdesign.com.pt\/wp-content\/uploads\/2026\/01\/EICHDEC044.jpg","type":"image\/jpeg"}],"twitter_card":"summary_large_image","schema":{"@context":"https:\/\/schema.org","@graph":[{"@type":"WebPage","@id":"https:\/\/interdesign.com.pt\/pt\/produto\/moldura-dourada-mulholland-xl\/","url":"https:\/\/interdesign.com.pt\/pt\/produto\/moldura-dourada-mulholland-xl\/","name":"Moldura Dourada MULHOLLAND XL - Interdesign","isPartOf":{"@id":"https:\/\/interdesign.com.pt\/pt\/#website"},"primaryImageOfPage":{"@id":"https:\/\/interdesign.com.pt\/pt\/produto\/moldura-dourada-mulholland-xl\/#primaryimage"},"image":{"@id":"https:\/\/interdesign.com.pt\/pt\/produto\/moldura-dourada-mulholland-xl\/#primaryimage"},"thumbnailUrl":"https:\/\/interdesign.com.pt\/wp-content\/uploads\/2026\/01\/EICHDEC044.jpg","datePublished":"2026-01-19T14:08:40+00:00","dateModified":"2026-04-20T10:38:14+00:00","description":"Descubra a sele\u00e7\u00e3o exclusiva de mobili\u00e1rio e pe\u00e7as de design da Interdesign em interdesign.com.pt. Fabricados em Portugal com foco na qualidade, conforto e design intemporal.","breadcrumb":{"@id":"https:\/\/interdesign.com.pt\/pt\/produto\/moldura-dourada-mulholland-xl\/#breadcrumb"},"inLanguage":"pt-PT","potentialAction":[{"@type":"ReadAction","target":["https:\/\/interdesign.com.pt\/pt\/produto\/moldura-dourada-mulholland-xl\/"]}]},{"@type":"ImageObject","inLanguage":"pt-PT","@id":"https:\/\/interdesign.com.pt\/pt\/produto\/moldura-dourada-mulholland-xl\/#primaryimage","url":"https:\/\/interdesign.com.pt\/wp-content\/uploads\/2026\/01\/EICHDEC044.jpg","contentUrl":"https:\/\/interdesign.com.pt\/wp-content\/uploads\/2026\/01\/EICHDEC044.jpg","width":823,"height":824,"caption":"MULHOLLAND XL Gold Frame | Interdesign"},{"@type":"BreadcrumbList","@id":"https:\/\/interdesign.com.pt\/pt\/produto\/moldura-dourada-mulholland-xl\/#breadcrumb","itemListElement":[{"@type":"ListItem","position":1,"name":"Home","item":"https:\/\/interdesign.com.pt\/"},{"@type":"ListItem","position":2,"name":"Shop","item":"https:\/\/interdesign.com.pt\/pt\/loja\/"},{"@type":"ListItem","position":3,"name":"MULHOLLAND XL Gold Frame"}]},{"@type":"WebSite","@id":"https:\/\/interdesign.com.pt\/pt\/#website","url":"https:\/\/interdesign.com.pt\/pt\/","name":"Interdesign","description":"Mobili\u00e1rio, Interiores &amp; Decora\u00e7\u00e3o","publisher":{"@id":"https:\/\/interdesign.com.pt\/pt\/#organization"},"potentialAction":[{"@type":"SearchAction","target":{"@type":"EntryPoint","urlTemplate":"https:\/\/interdesign.com.pt\/pt\/?s={search_term_string}"},"query-input":{"@type":"PropertyValueSpecification","valueRequired":true,"valueName":"search_term_string"}}],"inLanguage":"pt-PT"},{"@type":"Organization","@id":"https:\/\/interdesign.com.pt\/pt\/#organization","name":"Interdesign","url":"https:\/\/interdesign.com.pt\/pt\/","logo":{"@type":"ImageObject","inLanguage":"pt-PT","@id":"https:\/\/interdesign.com.pt\/pt\/#\/schema\/logo\/image\/","url":"https:\/\/interdesign.com.pt\/wp-content\/uploads\/2025\/03\/interdesign-logo.svg","contentUrl":"https:\/\/interdesign.com.pt\/wp-content\/uploads\/2025\/03\/interdesign-logo.svg","caption":"Interdesign"},"image":{"@id":"https:\/\/interdesign.com.pt\/pt\/#\/schema\/logo\/image\/"}}]}},"_links":{"self":[{"href":"https:\/\/interdesign.com.pt\/pt\/wp-json\/wp\/v2\/product\/71570","targetHints":{"allow":["GET"]}}],"collection":[{"href":"https:\/\/interdesign.com.pt\/pt\/wp-json\/wp\/v2\/product"}],"about":[{"href":"https:\/\/interdesign.com.pt\/pt\/wp-json\/wp\/v2\/types\/product"}],"wp:featuredmedia":[{"embeddable":true,"href":"https:\/\/interdesign.com.pt\/pt\/wp-json\/wp\/v2\/media\/74082"}],"wp:attachment":[{"href":"https:\/\/interdesign.com.pt\/pt\/wp-json\/wp\/v2\/media?parent=71570"}],"wp:term":[{"taxonomy":"room","embeddable":true,"href":"https:\/\/interdesign.com.pt\/pt\/wp-json\/wp\/v2\/room?post=71570"},{"taxonomy":"product_brand","embeddable":true,"href":"https:\/\/interdesign.com.pt\/pt\/wp-json\/wp\/v2\/product_brand?post=71570"},{"taxonomy":"product_cat","embeddable":true,"href":"https:\/\/interdesign.com.pt\/pt\/wp-json\/wp\/v2\/product_cat?post=71570"},{"taxonomy":"product_tag","embeddable":true,"href":"https:\/\/interdesign.com.pt\/pt\/wp-json\/wp\/v2\/product_tag?post=71570"}],"curies":[{"name":"wp","href":"https:\/\/api.w.org\/{rel}","templated":true}]}}