{"id":72579,"date":"2026-01-23T14:31:07","date_gmt":"2026-01-23T14:31:07","guid":{"rendered":"https:\/\/interdesign.ad-pulse.com\/?post_type=product&#038;p=72579"},"modified":"2026-04-21T09:54:54","modified_gmt":"2026-04-21T09:54:54","slug":"painel-de-tv-tribeca","status":"publish","type":"product","link":"https:\/\/interdesign.com.pt\/pt\/produto\/painel-de-tv-tribeca\/","title":{"rendered":"Painel de TV Tribeca"},"content":{"rendered":"<p>3 prateleiras em vidro cinza. Lacado\/folheado. Com LED.<\/p>","protected":false},"excerpt":{"rendered":"<p>Eleve o seu espa\u00e7o com o Painel de TV Tribeca. Desenvolvido para se integrar de forma harmoniosa em ambientes contempor\u00e2neos, combina est\u00e9tica depurada com funcionalidade discreta. Pensado para complementar tanto decora\u00e7\u00f5es minimalistas como composi\u00e7\u00f5es mais elaboradas, adapta-se com facilidade a interiores contempor\u00e2neos, cl\u00e1ssicos ou ecl\u00e9ticos.<\/p>","protected":false},"featured_media":74990,"template":"","meta":{"_acf_changed":false},"room":[52],"product_brand":[477],"product_cat":[187],"product_tag":[],"class_list":{"0":"post-72579","1":"product","2":"type-product","3":"status-publish","4":"has-post-thumbnail","6":"room-living-room","7":"product_brand-tribeca","8":"product_cat-tv-panels","9":"product_shipping_class-standard","11":"first","12":"instock","13":"shipping-taxable","14":"purchasable","15":"product-type-variable","16":"wvs-archive-product-wrapper","17":"rtwpvg-product"},"acf":[],"yoast_head":"<!-- This site is optimized with the Yoast SEO plugin v27.3 - https:\/\/yoast.com\/product\/yoast-seo-wordpress\/ -->\n<title>Tribeca TV Panel - Interdesign<\/title>\n<meta name=\"description\" content=\"Discover Interdesign\u2019s exclusive curated selection of furniture and design pieces at interdesign.com.pt. Crafted in Portugal with a focus on quality, comfort and timeless design.\" \/>\n<meta name=\"robots\" content=\"index, follow, max-snippet:-1, max-image-preview:large, max-video-preview:-1\" \/>\n<link rel=\"canonical\" href=\"https:\/\/interdesign.com.pt\/pt\/produto\/painel-de-tv-tribeca\/\" \/>\n<meta property=\"og:locale\" content=\"pt_PT\" \/>\n<meta property=\"og:type\" content=\"article\" \/>\n<meta property=\"og:title\" content=\"Tribeca TV Panel - Interdesign\" \/>\n<meta property=\"og:description\" content=\"Discover Interdesign\u2019s exclusive curated selection of furniture and design pieces at interdesign.com.pt. Crafted in Portugal with a focus on quality, comfort and timeless design.\" \/>\n<meta property=\"og:url\" content=\"https:\/\/interdesign.com.pt\/pt\/produto\/painel-de-tv-tribeca\/\" \/>\n<meta property=\"og:site_name\" content=\"Interdesign\" \/>\n<meta property=\"article:modified_time\" content=\"2026-04-21T09:54:54+00:00\" \/>\n<meta property=\"og:image\" content=\"https:\/\/interdesign.com.pt\/wp-content\/uploads\/2026\/01\/PAINEL-TV-TRIBECA-1.jpg\" \/>\n\t<meta property=\"og:image:width\" content=\"1080\" \/>\n\t<meta property=\"og:image:height\" content=\"1350\" \/>\n\t<meta property=\"og:image:type\" content=\"image\/jpeg\" \/>\n<meta name=\"twitter:card\" content=\"summary_large_image\" \/>\n<meta name=\"twitter:label1\" content=\"Tempo estimado de leitura\" \/>\n\t<meta name=\"twitter:data1\" content=\"1 minuto\" \/>\n<script type=\"application\/ld+json\" class=\"yoast-schema-graph\">{\"@context\":\"https:\\\/\\\/schema.org\",\"@graph\":[{\"@type\":\"WebPage\",\"@id\":\"https:\\\/\\\/interdesign.com.pt\\\/pt\\\/produto\\\/painel-de-tv-tribeca\\\/\",\"url\":\"https:\\\/\\\/interdesign.com.pt\\\/pt\\\/produto\\\/painel-de-tv-tribeca\\\/\",\"name\":\"Tribeca TV Panel - Interdesign\",\"isPartOf\":{\"@id\":\"https:\\\/\\\/interdesign.com.pt\\\/pt\\\/#website\"},\"primaryImageOfPage\":{\"@id\":\"https:\\\/\\\/interdesign.com.pt\\\/pt\\\/produto\\\/painel-de-tv-tribeca\\\/#primaryimage\"},\"image\":{\"@id\":\"https:\\\/\\\/interdesign.com.pt\\\/pt\\\/produto\\\/painel-de-tv-tribeca\\\/#primaryimage\"},\"thumbnailUrl\":\"https:\\\/\\\/interdesign.com.pt\\\/wp-content\\\/uploads\\\/2026\\\/01\\\/PAINEL-TV-TRIBECA-1.jpg\",\"datePublished\":\"2026-01-23T14:31:07+00:00\",\"dateModified\":\"2026-04-21T09:54:54+00:00\",\"description\":\"Discover Interdesign\u2019s exclusive curated selection of furniture and design pieces at interdesign.com.pt. Crafted in Portugal with a focus on quality, comfort and timeless design.\",\"breadcrumb\":{\"@id\":\"https:\\\/\\\/interdesign.com.pt\\\/pt\\\/produto\\\/painel-de-tv-tribeca\\\/#breadcrumb\"},\"inLanguage\":\"pt-PT\",\"potentialAction\":[{\"@type\":\"ReadAction\",\"target\":[\"https:\\\/\\\/interdesign.com.pt\\\/pt\\\/produto\\\/painel-de-tv-tribeca\\\/\"]}]},{\"@type\":\"ImageObject\",\"inLanguage\":\"pt-PT\",\"@id\":\"https:\\\/\\\/interdesign.com.pt\\\/pt\\\/produto\\\/painel-de-tv-tribeca\\\/#primaryimage\",\"url\":\"https:\\\/\\\/interdesign.com.pt\\\/wp-content\\\/uploads\\\/2026\\\/01\\\/PAINEL-TV-TRIBECA-1.jpg\",\"contentUrl\":\"https:\\\/\\\/interdesign.com.pt\\\/wp-content\\\/uploads\\\/2026\\\/01\\\/PAINEL-TV-TRIBECA-1.jpg\",\"width\":1080,\"height\":1350,\"caption\":\"Tribeca TV Panel | Interdesign\"},{\"@type\":\"BreadcrumbList\",\"@id\":\"https:\\\/\\\/interdesign.com.pt\\\/pt\\\/produto\\\/painel-de-tv-tribeca\\\/#breadcrumb\",\"itemListElement\":[{\"@type\":\"ListItem\",\"position\":1,\"name\":\"Home\",\"item\":\"https:\\\/\\\/interdesign.com.pt\\\/\"},{\"@type\":\"ListItem\",\"position\":2,\"name\":\"Shop\",\"item\":\"https:\\\/\\\/interdesign.com.pt\\\/pt\\\/loja\\\/\"},{\"@type\":\"ListItem\",\"position\":3,\"name\":\"Tribeca TV Panel\"}]},{\"@type\":\"WebSite\",\"@id\":\"https:\\\/\\\/interdesign.com.pt\\\/pt\\\/#website\",\"url\":\"https:\\\/\\\/interdesign.com.pt\\\/pt\\\/\",\"name\":\"Interdesign\",\"description\":\"Mobili\u00e1rio, Interiores &amp; Decora\u00e7\u00e3o\",\"publisher\":{\"@id\":\"https:\\\/\\\/interdesign.com.pt\\\/pt\\\/#organization\"},\"potentialAction\":[{\"@type\":\"SearchAction\",\"target\":{\"@type\":\"EntryPoint\",\"urlTemplate\":\"https:\\\/\\\/interdesign.com.pt\\\/pt\\\/?s={search_term_string}\"},\"query-input\":{\"@type\":\"PropertyValueSpecification\",\"valueRequired\":true,\"valueName\":\"search_term_string\"}}],\"inLanguage\":\"pt-PT\"},{\"@type\":\"Organization\",\"@id\":\"https:\\\/\\\/interdesign.com.pt\\\/pt\\\/#organization\",\"name\":\"Interdesign\",\"url\":\"https:\\\/\\\/interdesign.com.pt\\\/pt\\\/\",\"logo\":{\"@type\":\"ImageObject\",\"inLanguage\":\"pt-PT\",\"@id\":\"https:\\\/\\\/interdesign.com.pt\\\/pt\\\/#\\\/schema\\\/logo\\\/image\\\/\",\"url\":\"https:\\\/\\\/interdesign.com.pt\\\/wp-content\\\/uploads\\\/2025\\\/03\\\/interdesign-logo.svg\",\"contentUrl\":\"https:\\\/\\\/interdesign.com.pt\\\/wp-content\\\/uploads\\\/2025\\\/03\\\/interdesign-logo.svg\",\"caption\":\"Interdesign\"},\"image\":{\"@id\":\"https:\\\/\\\/interdesign.com.pt\\\/pt\\\/#\\\/schema\\\/logo\\\/image\\\/\"}}]}<\/script>\n<!-- \/ Yoast SEO plugin. -->","yoast_head_json":{"title":"Tribeca TV Panel - Interdesign","description":"Descubra a sele\u00e7\u00e3o exclusiva de mobili\u00e1rio e pe\u00e7as de design da Interdesign em interdesign.com.pt. Fabricados em Portugal com foco na qualidade, conforto e design intemporal.","robots":{"index":"index","follow":"follow","max-snippet":"max-snippet:-1","max-image-preview":"max-image-preview:large","max-video-preview":"max-video-preview:-1"},"canonical":"https:\/\/interdesign.com.pt\/pt\/produto\/painel-de-tv-tribeca\/","og_locale":"pt_PT","og_type":"article","og_title":"Tribeca TV Panel - Interdesign","og_description":"Discover Interdesign\u2019s exclusive curated selection of furniture and design pieces at interdesign.com.pt. Crafted in Portugal with a focus on quality, comfort and timeless design.","og_url":"https:\/\/interdesign.com.pt\/pt\/produto\/painel-de-tv-tribeca\/","og_site_name":"Interdesign","article_modified_time":"2026-04-21T09:54:54+00:00","og_image":[{"width":1080,"height":1350,"url":"https:\/\/interdesign.com.pt\/wp-content\/uploads\/2026\/01\/PAINEL-TV-TRIBECA-1.jpg","type":"image\/jpeg"}],"twitter_card":"summary_large_image","twitter_misc":{"Tempo estimado de leitura":"1 minuto"},"schema":{"@context":"https:\/\/schema.org","@graph":[{"@type":"WebPage","@id":"https:\/\/interdesign.com.pt\/pt\/produto\/painel-de-tv-tribeca\/","url":"https:\/\/interdesign.com.pt\/pt\/produto\/painel-de-tv-tribeca\/","name":"Tribeca TV Panel - Interdesign","isPartOf":{"@id":"https:\/\/interdesign.com.pt\/pt\/#website"},"primaryImageOfPage":{"@id":"https:\/\/interdesign.com.pt\/pt\/produto\/painel-de-tv-tribeca\/#primaryimage"},"image":{"@id":"https:\/\/interdesign.com.pt\/pt\/produto\/painel-de-tv-tribeca\/#primaryimage"},"thumbnailUrl":"https:\/\/interdesign.com.pt\/wp-content\/uploads\/2026\/01\/PAINEL-TV-TRIBECA-1.jpg","datePublished":"2026-01-23T14:31:07+00:00","dateModified":"2026-04-21T09:54:54+00:00","description":"Descubra a sele\u00e7\u00e3o exclusiva de mobili\u00e1rio e pe\u00e7as de design da Interdesign em interdesign.com.pt. Fabricados em Portugal com foco na qualidade, conforto e design intemporal.","breadcrumb":{"@id":"https:\/\/interdesign.com.pt\/pt\/produto\/painel-de-tv-tribeca\/#breadcrumb"},"inLanguage":"pt-PT","potentialAction":[{"@type":"ReadAction","target":["https:\/\/interdesign.com.pt\/pt\/produto\/painel-de-tv-tribeca\/"]}]},{"@type":"ImageObject","inLanguage":"pt-PT","@id":"https:\/\/interdesign.com.pt\/pt\/produto\/painel-de-tv-tribeca\/#primaryimage","url":"https:\/\/interdesign.com.pt\/wp-content\/uploads\/2026\/01\/PAINEL-TV-TRIBECA-1.jpg","contentUrl":"https:\/\/interdesign.com.pt\/wp-content\/uploads\/2026\/01\/PAINEL-TV-TRIBECA-1.jpg","width":1080,"height":1350,"caption":"Tribeca TV Panel | Interdesign"},{"@type":"BreadcrumbList","@id":"https:\/\/interdesign.com.pt\/pt\/produto\/painel-de-tv-tribeca\/#breadcrumb","itemListElement":[{"@type":"ListItem","position":1,"name":"Home","item":"https:\/\/interdesign.com.pt\/"},{"@type":"ListItem","position":2,"name":"Shop","item":"https:\/\/interdesign.com.pt\/pt\/loja\/"},{"@type":"ListItem","position":3,"name":"Tribeca TV Panel"}]},{"@type":"WebSite","@id":"https:\/\/interdesign.com.pt\/pt\/#website","url":"https:\/\/interdesign.com.pt\/pt\/","name":"Interdesign","description":"Mobili\u00e1rio, Interiores &amp; Decora\u00e7\u00e3o","publisher":{"@id":"https:\/\/interdesign.com.pt\/pt\/#organization"},"potentialAction":[{"@type":"SearchAction","target":{"@type":"EntryPoint","urlTemplate":"https:\/\/interdesign.com.pt\/pt\/?s={search_term_string}"},"query-input":{"@type":"PropertyValueSpecification","valueRequired":true,"valueName":"search_term_string"}}],"inLanguage":"pt-PT"},{"@type":"Organization","@id":"https:\/\/interdesign.com.pt\/pt\/#organization","name":"Interdesign","url":"https:\/\/interdesign.com.pt\/pt\/","logo":{"@type":"ImageObject","inLanguage":"pt-PT","@id":"https:\/\/interdesign.com.pt\/pt\/#\/schema\/logo\/image\/","url":"https:\/\/interdesign.com.pt\/wp-content\/uploads\/2025\/03\/interdesign-logo.svg","contentUrl":"https:\/\/interdesign.com.pt\/wp-content\/uploads\/2025\/03\/interdesign-logo.svg","caption":"Interdesign"},"image":{"@id":"https:\/\/interdesign.com.pt\/pt\/#\/schema\/logo\/image\/"}}]}},"_links":{"self":[{"href":"https:\/\/interdesign.com.pt\/pt\/wp-json\/wp\/v2\/product\/72579","targetHints":{"allow":["GET"]}}],"collection":[{"href":"https:\/\/interdesign.com.pt\/pt\/wp-json\/wp\/v2\/product"}],"about":[{"href":"https:\/\/interdesign.com.pt\/pt\/wp-json\/wp\/v2\/types\/product"}],"wp:featuredmedia":[{"embeddable":true,"href":"https:\/\/interdesign.com.pt\/pt\/wp-json\/wp\/v2\/media\/74990"}],"wp:attachment":[{"href":"https:\/\/interdesign.com.pt\/pt\/wp-json\/wp\/v2\/media?parent=72579"}],"wp:term":[{"taxonomy":"room","embeddable":true,"href":"https:\/\/interdesign.com.pt\/pt\/wp-json\/wp\/v2\/room?post=72579"},{"taxonomy":"product_brand","embeddable":true,"href":"https:\/\/interdesign.com.pt\/pt\/wp-json\/wp\/v2\/product_brand?post=72579"},{"taxonomy":"product_cat","embeddable":true,"href":"https:\/\/interdesign.com.pt\/pt\/wp-json\/wp\/v2\/product_cat?post=72579"},{"taxonomy":"product_tag","embeddable":true,"href":"https:\/\/interdesign.com.pt\/pt\/wp-json\/wp\/v2\/product_tag?post=72579"}],"curies":[{"name":"wp","href":"https:\/\/api.w.org\/{rel}","templated":true}]}}